{"id":15661,"date":"2015-05-26T09:57:38","date_gmt":"2015-05-26T08:57:38","guid":{"rendered":"http:\/\/www.jibg.nl\/pl\/over-marjoland\/"},"modified":"2020-11-26T11:31:06","modified_gmt":"2020-11-26T10:31:06","slug":"marjoland","status":"publish","type":"page","link":"https:\/\/www.marjoland.com\/pl\/marjoland\/","title":{"rendered":"Marjoland"},"content":{"rendered":"<div class=\"wpb-content-wrapper\"><p>[vc_row css_animation=&#8221;&#8221; row_type=&#8221;row&#8221; use_row_as_full_screen_section=&#8221;no&#8221; type=&#8221;grid&#8221; angled_section=&#8221;no&#8221; text_align=&#8221;left&#8221; background_image_as_pattern=&#8221;without_pattern&#8221; background_color=&#8221;#f8f8f8&#8243; padding_top=&#8221;70&#8243; padding_bottom=&#8221;40&#8243; el_id=&#8221;service&#8221;][vc_column width=&#8221;2\/3&#8243;][vc_column_text]<\/p>\n<h2 style=\"text-align: left;\">\u015awiadczone us\u0142ugi<\/h2>\n<p>[\/vc_column_text][vc_separator type=&#8221;small&#8221; position=&#8221;left&#8221; up=&#8221;24&#8243; down=&#8221;33&#8243;][vc_column_text]Marjoland d\u0105\u017cy do optymalnej wsp\u00f3\u0142pracy z klientami i odbiorcami. Nasze r\u00f3\u017ce oferowane s\u0105 codziennie na wszystkich gie\u0142dach Flora Holland w Holandii, w Niemczech na gie\u0142dzie Rhein Maas oraz Plantion i Ede. Ponadto oferujemy transport dzienny na gie\u0142de w Aalsmeer, Naldwijk oraz Rijnsburg. Wi\u0119cej informacji mo\u017cna uzyska\u0107 kontaktuj\u0105c si\u0119 z naszym dzia\u0142em sprzeda\u017cy. Nasze r\u00f3\u017ce mo\u017cna zamowi\u0107 na r\u00f3\u017cne sposoby:<\/p>\n<ul>\n<li>telefonicznie<\/li>\n<li>poprzez e-mail<\/li>\n<li>gie\u0142da (zegar)<\/li>\n<li>\u0142\u0105cze VMP z twoja storna internetow\u0105<\/li>\n<\/ul>\n<p>[\/vc_column_text][vc_separator type=&#8221;transparent&#8221; up=&#8221;14&#8243; down=&#8221;0&#8243;][vc_column_text]Po\u0142\u0105czenie poprzez VPM ma na celu polepszenie komunikacji pomi\u0119dzy Marjoland a eksporterem, poprzez \u015bwiadczenie dodatkowych us\u0142ug , dostosowanych do potrzeb eksportera.<br \/>\n\u0141\u0105cze, kt\u00f3re mo\u017cna po\u0142\u0105czy\u0107 z Twoj\u0105 stron\u0105 internetow\u0105, oferuje mo\u017cliwo\u015b\u0107 bezpo\u015brednio zakupu z naszego stanu r\u00f3\u017c. Ma to wiele zalet. U\u0142atwia proces pracy dla obu stron zapobiegaj\u0105c wyst\u0119powaniu b\u0142\u0119dow przy r\u0119cznym wpisywaniu, zakupuj\u0105c tylko tyle produktu ile potrzeba aby nie zosta\u0107 z niepotrzebnym zapasem, uelastyczniaj\u0105c spos\u00f3b pracy gdy\u017c oferta dost\u0119pna jest przez 24 godziny na dob\u0119.[\/vc_column_text][vc_separator type=&#8221;transparent&#8221; up=&#8221;14&#8243; down=&#8221;0&#8243;][vc_column_text]Dzi\u0119ki zanga\u017cowaniu pracownik\u00f3w dzia\u0142u sprzeda\u017cy i mo\u017cliwo\u015bciom logistycznym firma mo\u017ce zgodnie z upodobaniami klienta zapakowa\u0107 i dostaryczy\u0107 pi\u0119kne r\u00f3\u017ce na wiele sposob\u00f3w. Chodzi tu o r\u00f3\u017cne ilo\u015bci r\u00f3z w bukiecie\/pojemniku lub w innym opakowaniu.[\/vc_column_text][vc_separator type=&#8221;transparent&#8221; up=&#8221;55&#8243; down=&#8221;0&#8243;][\/vc_column][vc_column width=&#8221;1\/3&#8243;][vc_single_image image=&#8221;15551&#8243; img_size=&#8221;full&#8221; style=&#8221;vc_box_shadow&#8221; qode_css_animation=&#8221;&#8221;][vc_separator type=&#8221;transparent&#8221; down=&#8221;20&#8243;][\/vc_column][\/vc_row][vc_row css_animation=&#8221;&#8221; row_type=&#8221;row&#8221; use_row_as_full_screen_section=&#8221;no&#8221; type=&#8221;grid&#8221; angled_section=&#8221;no&#8221; text_align=&#8221;left&#8221; background_image_as_pattern=&#8221;without_pattern&#8221; background_color=&#8221;#ffffff&#8221; padding_top=&#8221;70&#8243; padding_bottom=&#8221;40&#8243;][vc_column width=&#8221;1\/3&#8243;][vc_single_image image=&#8221;15944&#8243; img_size=&#8221;full&#8221; style=&#8221;vc_box_shadow&#8221; qode_css_animation=&#8221;&#8221;][\/vc_column][vc_column width=&#8221;2\/3&#8243;][vc_column_text]<\/p>\n<h2 style=\"text-align: left;\">Proces produkcji<\/h2>\n<p>[\/vc_column_text][vc_separator type=&#8221;small&#8221; position=&#8221;left&#8221; up=&#8221;24&#8243; down=&#8221;33&#8243;][vc_column_text]<\/p>\n<div class=\"wpb_text_column wpb_content_element \">\n<div class=\"wpb_wrapper\">\n<h6>Od ma\u0142ej ro\u015blinki do krzewu r\u00f3\u017cy<\/h6>\n<\/div>\n<\/div>\n<p>[\/vc_column_text][vc_separator type=&#8221;transparent&#8221; up=&#8221;14&#8243; down=&#8221;0&#8243;][vc_column_text]<\/p>\n<div class=\"wpb_text_column wpb_content_element \">\n<div class=\"wpb_wrapper\">\n<p>Roslina r\u00f3\u017cy uprawiana jest oko\u0142o 8-10 lat w firmie Marjoland. Dlatego kontrola oraz opieka nad upraw\u0105 odgrywa kluczow\u0105 rol\u0119 dla dobrej jako\u015bci ro\u015bliny. Marjoland po\u015bwi\u0119ca temu bardzo du\u017co uwagi.<br \/>\nR\u00f3\u017cni specjalisci uprawy dzie\u0144 i noc zajmuj\u0105 si\u0119 optymalizacj\u0105 klimatu. Poziom Co2, \u015bwiat\u0142o i temperatura mog\u0105 by\u0107 dopasowane na ka\u017cdej szklarni tak aby stworzy\u0107 jak najlepsze warunki dla ro\u015blin. Ponadto du\u017co uwagi po\u015bwi\u0119ca si\u0119 odpowiedniemu podlewaniu oraz dostarczaniu substancji od\u017cywczych.<\/p>\n<\/div>\n<\/div>\n<p>[\/vc_column_text][vc_separator type=&#8221;transparent&#8221; up=&#8221;14&#8243; down=&#8221;0&#8243;][\/vc_column][\/vc_row][vc_row css_animation=&#8221;&#8221; row_type=&#8221;row&#8221; use_row_as_full_screen_section=&#8221;no&#8221; type=&#8221;grid&#8221; angled_section=&#8221;no&#8221; text_align=&#8221;left&#8221; background_image_as_pattern=&#8221;without_pattern&#8221; background_color=&#8221;#ffffff&#8221; padding_top=&#8221;70&#8243; padding_bottom=&#8221;40&#8243;][vc_column][vc_separator type=&#8221;normal&#8221; color=&#8221;#dddddd&#8221; up=&#8221;5&#8243; down=&#8221;5&#8243;][\/vc_column][\/vc_row][vc_row css_animation=&#8221;&#8221; row_type=&#8221;row&#8221; use_row_as_full_screen_section=&#8221;no&#8221; type=&#8221;grid&#8221; angled_section=&#8221;no&#8221; text_align=&#8221;left&#8221; background_image_as_pattern=&#8221;without_pattern&#8221; background_color=&#8221;#ffffff&#8221; padding_top=&#8221;70&#8243; padding_bottom=&#8221;40&#8243;][vc_column width=&#8221;2\/3&#8243;][vc_column_text]<\/p>\n<div class=\"wpb_text_column wpb_content_element \">\n<div class=\"wpb_wrapper\">\n<div class=\"wpb_text_column wpb_content_element \">\n<div class=\"wpb_wrapper\">\n<h6>Ci\u0119cie r\u00f3\u017c<\/h6>\n<\/div>\n<\/div>\n<\/div>\n<\/div>\n<p>[\/vc_column_text][vc_separator type=&#8221;transparent&#8221; up=&#8221;14&#8243; down=&#8221;0&#8243;][vc_column_text]<\/p>\n<div class=\"wpb_text_column wpb_content_element \">\n<div class=\"wpb_wrapper\">\n<p>R\u00f3ze w Marjolandzie ci\u0119te sa dwa razy dziennie po to by jak najlepiej posortowa\u0107 r\u00f3\u017cne stadia otwartosci p\u0105ka. Nast\u0119pnie s\u0105 one sch\u0142adzane do 4 stopni aby zwolni\u0107 szybki proces rozwijania si\u0119 r\u00f3\u017cy. Ka\u017cda r\u00f3\u017ca jest r\u0119cznie sprawdzana a potem w maszynie sortuj\u0105cej sortowana wed\u0142lug d\u0142ugosci, grubo\u015bci oraz stopnia otwarcia p\u0105ka.<br \/>\nNast\u0119pnie pakowane sa r\u00f3\u017ce w folie i wk\u0142adane do pojemnik\u00f3w z wod\u0105. Dodatkowa ochron\u0105 s\u0105 kartony zak\u0142adane na pojemniki aby zabezpieczy\u0107 r\u00f3\u017ce przed zniszczeniami podczas transportu.<\/p>\n<\/div>\n<\/div>\n<p>[\/vc_column_text][\/vc_column][vc_column width=&#8221;1\/3&#8243;][vc_single_image image=&#8221;15705&#8243; img_size=&#8221;full&#8221; style=&#8221;vc_box_shadow&#8221; qode_css_animation=&#8221;&#8221;][\/vc_column][\/vc_row][vc_row css_animation=&#8221;&#8221; row_type=&#8221;row&#8221; use_row_as_full_screen_section=&#8221;no&#8221; type=&#8221;grid&#8221; angled_section=&#8221;no&#8221; text_align=&#8221;left&#8221; background_image_as_pattern=&#8221;without_pattern&#8221; background_color=&#8221;#f8f8f8&#8243; padding_top=&#8221;69&#8243; padding_bottom=&#8221;40&#8243;][vc_column][vc_column_text]<\/p>\n<h2 style=\"text-align: center;\">Historia<\/h2>\n<p>[\/vc_column_text][vc_separator type=&#8221;small&#8221; position=&#8221;center&#8221; up=&#8221;24&#8243; down=&#8221;61&#8243;][vc_row_inner row_type=&#8221;row&#8221; type=&#8221;full_width&#8221; text_align=&#8221;left&#8221; css_animation=&#8221;&#8221;][vc_column_inner width=&#8221;1\/4&#8243;][vc_column_text]Joop van den Nouweland od najm\u0142odszych lat wiedzia\u0142, \u017ce chce w przysz\u0142o\u015bci prowadzi\u0107 w\u0142asn\u0105 firm\u0119. Wzorowa\u0142 si\u0119 na swoim ojcu, Koos van den Nouweland, kt\u00f3ry prowadzi\u0142 szklarni\u0119 z og\u00f3rkami o powierzchni 16.000m\u00b2 w Leidschendam. Ju\u017c jako czteroletni ch\u0142opczyk Joop codziennie chodzi\u0142 ze swoim ojcem do szklarni, gdzie z bliska uczy\u0142 si\u0119 jak to jest by\u0107 ogrodnikiem. Pasja ta zdeterminowa\u0142a ca\u0142e jego p\u00f3\u017aniejsze \u017cycie, a zarazem podbi\u0142a serce.[\/vc_column_text][vc_separator type=&#8221;transparent&#8221; up=&#8221;37&#8243; down=&#8221;0&#8243;][\/vc_column_inner][vc_column_inner width=&#8221;1\/4&#8243;][vc_column_text]W 1978 Joop rozpocz\u0105\u0142 dzia\u0142alno\u015b\u0107 na w\u0142asny rachunek: \u201cMia\u0142em 14.500 m2 pod szk\u0142em, w tym czasie by\u0142 to spory kawa\u0142ek\u201d. W swojej pierwszej szklarni w Bleiswijk przez siedem lat uprawia\u0142 og\u00f3rki, a od 1985 roku rozpocz\u0105\u0142 upraw\u0119 r\u00f3\u017c. \u201eR\u00f3\u017c\u0119 mo\u017cna \u201epolepsza\u0107\u201d poprzez mi\u0142o\u015b\u0107 i wiedz\u0119, a\u017c zaczn\u0105 si\u0119 one wyr\u00f3\u017cnia\u0107 od innych plantatorow\u201d. Znakomita jako\u015b\u0107 produktu z uprawy Van den Nouweland wzbudza\u0142a szerokie zainteresowanie w\u015br\u00f3d klient\u00f3w.[\/vc_column_text][vc_separator type=&#8221;transparent&#8221; up=&#8221;37&#8243; down=&#8221;0&#8243;][\/vc_column_inner][vc_column_inner width=&#8221;1\/4&#8243;][vc_column_text]W 1989 Joop i Mariola kupili szklarni\u0119 swoich s\u0105siad\u00f3w. Ponowny przyrost obszaru produkcyjnego mia\u0142 miejsce w 1997, gdy Van den Nouweland zwi\u0119kszy\u0142 powierzchni\u0119 swojej firmy o 3,4 ha szklarni na Abraham Kroesweg w Waddinxveen.<br \/>\nMarjoland B. V. istnieje od 2000 roku, kiedy to pobudowano nowa siedzib\u0119 firmy znajduj\u0105c\u0105 si\u0119 przy Bredeweg w Waddinxveen.<br \/>\nW 2005 roku wybudowano szklarnie Marjoland 2, wyposa\u017con\u0105 w mobilny system upraw o powierzchni 2,7 ha. Ponadto w 2005 Marjoland zakupi\u0142 granicz\u0105cy z firm\u0105 zak\u0142ad o powierzchni 4,8 ha.<br \/>\n[\/vc_column_text][vc_separator type=&#8221;transparent&#8221; up=&#8221;37&#8243; down=&#8221;0&#8243;][\/vc_column_inner][vc_column_inner width=&#8221;1\/4&#8243;][vc_column_text]Rok 2007-2008 byl rokiem oportunizmu i powi\u0119kszania skali. Rodzina van den Nouweland chcia\u0142a skoncentrowa\u0107 si\u0119 na jednej lokacji. Oddzia\u0142y firmy w Bleiswijk oraz w Waddinxveen zosta\u0142y sprzedane, aby inne mog\u0142y zosta\u0107zakupione.Tak powsta\u0142a jedna, du\u017ca, prostok\u0105tna dzia\u0142ka o powierzchni 20 hektar\u00f3w, z czego 0.8 hektara szklarni zajduje si\u0119 nad pomieszczeniem do sortowania i pakowania.[\/vc_column_text][vc_separator type=&#8221;transparent&#8221; up=&#8221;37&#8243; down=&#8221;0&#8243;][\/vc_column_inner][\/vc_row_inner][vc_row_inner row_type=&#8221;row&#8221; type=&#8221;full_width&#8221; text_align=&#8221;left&#8221; css_animation=&#8221;&#8221;][vc_column_inner][vc_column_text]<\/p>\n<h2 style=\"text-align: left;\">35 lat uprawy r\u00f3\u017c<\/h2>\n<p>[\/vc_column_text][vc_separator type=&#8221;transparent&#8221; up=&#8221;5&#8243; down=&#8221;5&#8243;][vc_single_image image=&#8221;15946&#8243; img_size=&#8221;300&#215;200&#8243; qode_css_animation=&#8221;&#8221;][\/vc_column_inner][\/vc_row_inner][\/vc_column][\/vc_row][vc_row css_animation=&#8221;&#8221; row_type=&#8221;row&#8221; use_row_as_full_screen_section=&#8221;no&#8221; type=&#8221;grid&#8221; angled_section=&#8221;no&#8221; text_align=&#8221;left&#8221; background_image_as_pattern=&#8221;without_pattern&#8221; background_color=&#8221;#ffffff&#8221; padding_top=&#8221;68&#8243; padding_bottom=&#8221;30&#8243; el_id=&#8221;ffp&#8221;][vc_column][vc_row_inner row_type=&#8221;row&#8221; type=&#8221;full_width&#8221; text_align=&#8221;left&#8221; css_animation=&#8221;&#8221;][vc_column_inner width=&#8221;2\/3&#8243;][vc_column_text]<\/p>\n<div class=\"wpb_text_column wpb_content_element \">\n<div class=\"wpb_wrapper\">\n<h2>Rodzina van den Nouweland<\/h2>\n<\/div>\n<\/div>\n<p>[\/vc_column_text][vc_separator type=&#8221;small&#8221; position=&#8221;left&#8221; up=&#8221;24&#8243; down=&#8221;61&#8243;][vc_column_text]Za firm\u0105 Marjoland stoi rodzina Van den Nouweland. Ojciec,matka, syn, c\u00f3rka, 2 wujk\u00f3w, ciocia i siostrzeniec. Zajmuj\u0105 si\u0119 oni ciag\u0142ym rozwojem firmy. Wsp\u00f3lnie z pracownikami firma Marjoland d\u0105\u017cy do zachowania dobrej atmosfery, gdzie normy i warto\u015bci odgrywaj\u0105 kluczow\u0105 rol\u0119.<br \/>\nTe silne warto\u015bci chc\u0105 przekaza\u0107 dla swoich pracownik\u00f3w oraz klient\u00f3w. Marjoland jest firm\u0105 otwart\u0105 oraz spo\u0142eczn\u0105, kt\u00f3ra dziel\u0105c si\u0119 wiedz\u0105 z innymi, zach\u0119ca jednocze\u015bnie pracownik\u00f3w do samodzielnego rozwi\u0105zywania problem\u00f3w. W ten spos\u00f3b ka\u017cda ro\u015blina dostaje wystarczaj\u0105c\u0105 ilo\u015b\u0107 uwagi, a ludzie maj\u0105 mo\u017cliwo\u015b\u0107 do rozwoju.[\/vc_column_text][vc_separator type=&#8221;transparent&#8221; up=&#8221;47&#8243; down=&#8221;0&#8243;][\/vc_column_inner][vc_column_inner width=&#8221;1\/3&#8243;][vc_single_image image=&#8221;16659&#8243; img_size=&#8221;full&#8221; alignment=&#8221;center&#8221; qode_css_animation=&#8221;element_from_fade&#8221; transition_delay=&#8221;0.4&#8243;][vc_separator type=&#8221;transparent&#8221; up=&#8221;47&#8243; down=&#8221;0&#8243;][\/vc_column_inner][\/vc_row_inner][\/vc_column][\/vc_row][vc_row css_animation=&#8221;&#8221; row_type=&#8221;row&#8221; use_row_as_full_screen_section=&#8221;no&#8221; type=&#8221;grid&#8221; angled_section=&#8221;no&#8221; text_align=&#8221;left&#8221; background_image_as_pattern=&#8221;without_pattern&#8221; background_color=&#8221;#ffffff&#8221; padding_top=&#8221;68&#8243; padding_bottom=&#8221;30&#8243;][vc_column][vc_row_inner row_type=&#8221;row&#8221; type=&#8221;full_width&#8221; text_align=&#8221;left&#8221; css_animation=&#8221;&#8221;][vc_column_inner width=&#8221;2\/3&#8243;][vc_column_text]<\/p>\n<div class=\"wpb_text_column wpb_content_element \">\n<div class=\"wpb_wrapper\">\n<h2>Certyfikaty MPS i Global G.A.P.<\/h2>\n<\/div>\n<\/div>\n<p>[\/vc_column_text][vc_separator type=&#8221;small&#8221; position=&#8221;left&#8221; up=&#8221;24&#8243; down=&#8221;61&#8243;][vc_column_text]Marjoland ma ambicj\u0119 pracowa\u0107 z szacunkiem dla ludzi, przyrody i \u015brodowiska. Dzi\u0119ki wyra\u017anie przejrzystej certyfikacji MPS przyczyniamy si\u0119 do uczynienia ca\u0142ego \u0142a\u0144cucha bardziej zr\u00f3wnowa\u017conym.<\/p>\n<p>Opr\u00f3cz MPS ABC Marjoland posiada certyfikat Global G.A.P with GRASP.[\/vc_column_text][vc_separator type=&#8221;transparent&#8221; up=&#8221;47&#8243; down=&#8221;0&#8243;][\/vc_column_inner][vc_column_inner width=&#8221;1\/3&#8243;][vc_single_image image=&#8221;16664&#8243; img_size=&#8221;full&#8221; alignment=&#8221;center&#8221; onclick=&#8221;custom_link&#8221; img_link_target=&#8221;_blank&#8221; qode_css_animation=&#8221;element_from_fade&#8221; transition_delay=&#8221;0.4&#8243; link=&#8221;https:\/\/ecas.nl\/?lang=en&#8221;][vc_separator type=&#8221;transparent&#8221; up=&#8221;47&#8243; down=&#8221;0&#8243;][\/vc_column_inner][\/vc_row_inner][\/vc_column][\/vc_row][vc_row css_animation=&#8221;&#8221; row_type=&#8221;row&#8221; use_row_as_full_screen_section=&#8221;no&#8221; type=&#8221;grid&#8221; angled_section=&#8221;no&#8221; text_align=&#8221;left&#8221; background_image_as_pattern=&#8221;without_pattern&#8221; background_color=&#8221;#ffffff&#8221; padding_top=&#8221;68&#8243; padding_bottom=&#8221;30&#8243;][vc_column][vc_row_inner row_type=&#8221;row&#8221; type=&#8221;full_width&#8221; text_align=&#8221;left&#8221; css_animation=&#8221;&#8221;][vc_column_inner width=&#8221;1\/3&#8243;][vc_single_image image=&#8221;15576&#8243; img_size=&#8221;full&#8221; alignment=&#8221;center&#8221; style=&#8221;vc_box_shadow&#8221; onclick=&#8221;custom_link&#8221; img_link_target=&#8221;_blank&#8221; qode_css_animation=&#8221;element_from_fade&#8221; transition_delay=&#8221;0.4&#8243; link=&#8221;https:\/\/www.ridefortheroses.nl\/&#8221;][vc_separator type=&#8221;transparent&#8221; up=&#8221;47&#8243; down=&#8221;0&#8243;][\/vc_column_inner][vc_column_inner width=&#8221;2\/3&#8243;][vc_column_text]<\/p>\n<h2 style=\"text-align: left;\">Ride for the Roses<\/h2>\n<p>[\/vc_column_text][vc_separator type=&#8221;small&#8221; position=&#8221;left&#8221; up=&#8221;24&#8243; down=&#8221;61&#8243;][vc_column_text]Marjoland od lat wspiera kampanie Ride for the Roses. Jest to wspania\u0142a impreza rowerowa, z kt\u00f3rej wp\u0142ywy wspieraj\u0105 walk\u0119 z rakiem.[\/vc_column_text][vc_separator type=&#8221;transparent&#8221; up=&#8221;47&#8243; down=&#8221;0&#8243;][\/vc_column_inner][\/vc_row_inner][\/vc_column][\/vc_row]<\/p>\n<\/div>","protected":false},"excerpt":{"rendered":"<p>[vc_row css_animation=&#8221;&#8221; row_type=&#8221;row&#8221; use_row_as_full_screen_section=&#8221;no&#8221; type=&#8221;grid&#8221; angled_section=&#8221;no&#8221; text_align=&#8221;left&#8221; background_image_as_pattern=&#8221;without_pattern&#8221; background_color=&#8221;#f8f8f8&#8243; padding_top=&#8221;70&#8243; padding_bottom=&#8221;40&#8243; el_id=&#8221;service&#8221;][vc_column width=&#8221;2\/3&#8243;][vc_column_text] \u015awiadczone us\u0142ugi [\/vc_column_text][vc_separator type=&#8221;small&#8221; position=&#8221;left&#8221; up=&#8221;24&#8243; down=&#8221;33&#8243;][vc_column_text]Marjoland d\u0105\u017cy do optymalnej wsp\u00f3\u0142pracy z klientami i odbiorcami. Nasze r\u00f3\u017ce oferowane s\u0105 codziennie na wszystkich gie\u0142dach Flora Holland w Holandii, w Niemczech na gie\u0142dzie Rhein&#8230;<\/p>\n","protected":false},"author":1,"featured_media":0,"parent":0,"menu_order":0,"comment_status":"open","ping_status":"closed","template":"full_width.php","meta":{"footnotes":""},"class_list":["post-15661","page","type-page","status-publish","hentry"],"_links":{"self":[{"href":"https:\/\/www.marjoland.com\/pl\/wp-json\/wp\/v2\/pages\/15661","targetHints":{"allow":["GET"]}}],"collection":[{"href":"https:\/\/www.marjoland.com\/pl\/wp-json\/wp\/v2\/pages"}],"about":[{"href":"https:\/\/www.marjoland.com\/pl\/wp-json\/wp\/v2\/types\/page"}],"author":[{"embeddable":true,"href":"https:\/\/www.marjoland.com\/pl\/wp-json\/wp\/v2\/users\/1"}],"replies":[{"embeddable":true,"href":"https:\/\/www.marjoland.com\/pl\/wp-json\/wp\/v2\/comments?post=15661"}],"version-history":[{"count":32,"href":"https:\/\/www.marjoland.com\/pl\/wp-json\/wp\/v2\/pages\/15661\/revisions"}],"predecessor-version":[{"id":16808,"href":"https:\/\/www.marjoland.com\/pl\/wp-json\/wp\/v2\/pages\/15661\/revisions\/16808"}],"wp:attachment":[{"href":"https:\/\/www.marjoland.com\/pl\/wp-json\/wp\/v2\/media?parent=15661"}],"curies":[{"name":"wp","href":"https:\/\/api.w.org\/{rel}","templated":true}]}}