{"id":15657,"date":"2015-09-14T10:36:29","date_gmt":"2015-09-14T09:36:29","guid":{"rendered":"http:\/\/www.jibg.nl\/pl\/onze-rozen\/"},"modified":"2024-11-27T11:04:25","modified_gmt":"2024-11-27T10:04:25","slug":"nasze-roze","status":"publish","type":"page","link":"https:\/\/www.marjoland.com\/pl\/nasze-roze\/","title":{"rendered":"Nasze r\u00f3ze"},"content":{"rendered":"<div class=\"wpb-content-wrapper\"><p>[vc_row css_animation=&#8221;&#8221; row_type=&#8221;row&#8221; use_row_as_full_screen_section=&#8221;no&#8221; type=&#8221;full_width&#8221; angled_section=&#8221;no&#8221; text_align=&#8221;left&#8221; background_image_as_pattern=&#8221;without_pattern&#8221;][vc_column][vc_column_text]<\/p>\n<p style=\"text-align: left;\" align=\"justify\">Przez 5 dni w tygodniu r\u00f3\u017ce firmy Marjoland sprzedawane s\u0105 na gie\u0142dach. Ka\u017cdego dnia swie\u017ce kwiaty sprzedawane s\u0105 r\u00f3wnie\u017c dla eksporter\u00f3w oraz sprzedawc\u00f3w krajowych.\u00a0R\u00f3\u017ce Marjoland s\u0105 ostatecznie sprzedawane na ca\u0142ym \u015bwiecie, ale g\u0142\u00f3wnie do kwiaciarni w Europie.<br \/>\nOpr\u00f3cz naszej linii MarjoGold (r\u00f3\u017ce A1), dost\u0119pne s\u0105 r\u00f3wnie\u017c MarjoDeluxe (r\u00f3\u017ce XL) i MarjoSilver (r\u00f3\u017ce A2).<\/p>\n<p>[\/vc_column_text][vc_separator type=&#8221;transparent&#8221; up=&#8221;10&#8243; down=&#8221;30&#8243;][\/vc_column][\/vc_row][vc_row css_animation=&#8221;&#8221; row_type=&#8221;row&#8221; use_row_as_full_screen_section=&#8221;no&#8221; type=&#8221;full_width&#8221; angled_section=&#8221;no&#8221; text_align=&#8221;left&#8221; background_image_as_pattern=&#8221;without_pattern&#8221;][vc_column][vc_column_text]<\/p>\n<h3 style=\"text-align: center;\">Nasze r\u00f3\u017ce<\/h3>\n<p>[\/vc_column_text][vc_separator type=&#8221;small&#8221; position=&#8221;center&#8221; color=&#8221;#000000&#8243; up=&#8221;10&#8243; down=&#8221;30&#8243;][\/vc_column][\/vc_row][vc_row css_animation=&#8221;&#8221; row_type=&#8221;row&#8221; use_row_as_full_screen_section=&#8221;no&#8221; type=&#8221;full_width&#8221; angled_section=&#8221;no&#8221; text_align=&#8221;left&#8221; background_image_as_pattern=&#8221;without_pattern&#8221; el_id=&#8221;sweet-dolomiti&#8221;][vc_column][vc_row_inner row_type=&#8221;row&#8221; type=&#8221;full_width&#8221; text_align=&#8221;left&#8221; css_animation=&#8221;&#8221;][vc_column_inner width=&#8221;1\/5&#8243;][vc_gallery interval=&#8221;0&#8243; images=&#8221;17343,15429,15582,15801&#8243; img_size=&#8221;200&#215;200&#8243; onclick=&#8221;&#8221;][vc_column_text]<\/p>\n<h3>Sweet Dolomiti<\/h3>\n<p>[\/vc_column_text][vc_separator type=&#8221;transparent&#8221; down=&#8221;20&#8243;][vc_column_text]<\/p>\n<ul>\n<li>Ekskluzywna r\u00f3\u017cowa r\u00f3\u017ca<\/li>\n<li>Du\u017cy ,d\u0142ugi i szpiczasty p\u0105k<\/li>\n<li>Marjoland posiada 0,8 hektara r\u00f3\u017c Red Naomi posadzonych w roku 2021<\/li>\n<\/ul>\n<p>[\/vc_column_text][vc_separator type=&#8221;transparent&#8221; down=&#8221;20&#8243;][\/vc_column_inner][vc_column_inner width=&#8221;1\/5&#8243;][vc_gallery interval=&#8221;0&#8243; images=&#8221;17241,16449,16521,16516,16511,16506,16496,16491&#8243; img_size=&#8221;200&#215;200&#8243; onclick=&#8221;&#8221;][vc_column_text]<\/p>\n<h3>Dolomiti<\/h3>\n<p>[\/vc_column_text][vc_separator type=&#8221;transparent&#8221; down=&#8221;20&#8243;][vc_column_text]<\/p>\n<ul>\n<li>Unikatowa bia\u0142a r\u00f3\u017ca<\/li>\n<li>Marjoland posiada 1,6 hektara r\u00f3\u017c Dolomiti od 2020 roku<\/li>\n<\/ul>\n<p>[\/vc_column_text][vc_separator type=&#8221;transparent&#8221; down=&#8221;20&#8243;][\/vc_column_inner][vc_column_inner width=&#8221;1\/5&#8243;][vc_gallery interval=&#8221;0&#8243; images=&#8221;17338,15522,15583,15805,16536,16526&#8243; img_size=&#8221;200&#215;200&#8243;][vc_column_text]<\/p>\n<h3>Red Naomi<\/h3>\n<p>[\/vc_column_text][vc_separator type=&#8221;transparent&#8221; down=&#8221;20&#8243;][vc_column_text]<\/p>\n<ul>\n<li>Aksamitny, du\u017cy, czerwony p\u0105k<\/li>\n<li>Du\u017co p\u0142atk\u00f3w<\/li>\n<li>D\u0142uga \u017cywotnos\u0107 w wazonie<\/li>\n<li>Dobrze znosi transport<\/li>\n<li>Marjoland posiada 13,5 hektara r\u00f3\u017c Red Naomi posadzonych w roku 2015\/2020\/2021<\/li>\n<\/ul>\n<p>[\/vc_column_text][vc_separator type=&#8221;transparent&#8221; down=&#8221;20&#8243;][\/vc_column_inner][vc_column_inner width=&#8221;1\/5&#8243;][vc_gallery interval=&#8221;0&#8243; images=&#8221;17362,15521,15584,15804&#8243; img_size=&#8221;200&#215;200&#8243; onclick=&#8221;&#8221;][vc_column_text]<\/p>\n<h3>Penny Lane<\/h3>\n<p>[\/vc_column_text][vc_separator type=&#8221;transparent&#8221; down=&#8221;20&#8243;][vc_column_text]<\/p>\n<ul>\n<li>Unikatowa, z\u00f3\u0142ta r\u00f3\u017ca o du\u017cym p\u0105ku<\/li>\n<li>Marjoland posiada 1 hektara r\u00f3\u017c Penny Lane posadzonych w 2018 roku<\/li>\n<\/ul>\n<p>[\/vc_column_text][vc_separator type=&#8221;transparent&#8221; down=&#8221;20&#8243;][\/vc_column_inner][vc_column_inner width=&#8221;1\/5&#8243;][vc_gallery interval=&#8221;0&#8243; images=&#8221;17296,16419,16415,16427,16486,16531&#8243; img_size=&#8221;200&#215;200&#8243;][vc_column_text]<\/p>\n<h3>Jumilia<\/h3>\n<p>[\/vc_column_text][vc_separator type=&#8221;transparent&#8221; down=&#8221;1&#8243;][vc_column_text]<\/p>\n<ul>\n<li>Bia\u0142o-r\u00f3\u017cowa r\u00f3\u017ca o du\u017cych kwiatach<\/li>\n<li>Niezwyk\u0142a promienna r\u00f3\u017ca<\/li>\n<li>D\u0142ugi \u017cywotnosc w wazonie<\/li>\n<li>Marjoland posiada 1,4 hektara r\u00f3\u017c Jumilia posadzonych w roku 2019\/2024<\/li>\n<\/ul>\n<p>[\/vc_column_text][vc_separator type=&#8221;transparent&#8221; down=&#8221;20&#8243;][\/vc_column_inner][\/vc_row_inner][vc_row_inner row_type=&#8221;row&#8221; type=&#8221;full_width&#8221; text_align=&#8221;left&#8221; css_animation=&#8221;&#8221;][vc_column_inner width=&#8221;1\/5&#8243;][vc_gallery interval=&#8221;0&#8243; images=&#8221;17271,17276&#8243; img_size=&#8221;200&#215;200&#8243; onclick=&#8221;&#8221;][vc_column_text]<\/p>\n<h3>Nayeli<\/h3>\n<p>[\/vc_column_text][vc_separator type=&#8221;transparent&#8221; down=&#8221;20&#8243;][vc_column_text]<\/p>\n<ul>\n<li>Marjoland posiada 0,5 hektara r\u00f3\u017c Red Naomi posadzonych w roku 2023\/2024<\/li>\n<\/ul>\n<p>[\/vc_column_text][vc_separator type=&#8221;transparent&#8221; down=&#8221;20&#8243;][\/vc_column_inner][vc_column_inner width=&#8221;1\/5&#8243;][vc_gallery interval=&#8221;0&#8243; images=&#8221;17251,17256&#8243; img_size=&#8221;200&#215;200&#8243; onclick=&#8221;&#8221;][vc_column_text]<\/p>\n<h3>Bellini<\/h3>\n<p>[\/vc_column_text][vc_separator type=&#8221;transparent&#8221; down=&#8221;20&#8243;][vc_column_text]<\/p>\n<ul>\n<li>Marjoland posiada 0.5 hektara r\u00f3\u017c Dolomiti od 2023\/2024 roku<\/li>\n<\/ul>\n<p>[\/vc_column_text][vc_separator type=&#8221;transparent&#8221; down=&#8221;20&#8243;][\/vc_column_inner][vc_column_inner width=&#8221;1\/5&#8243;][vc_gallery interval=&#8221;0&#8243; images=&#8221;17679,17712,17718&#8243; img_size=&#8221;200&#215;200&#8243;][vc_column_text]<\/p>\n<h3>Priscilla<\/h3>\n<p>[\/vc_column_text][vc_separator type=&#8221;transparent&#8221; down=&#8221;20&#8243;][vc_column_text]<\/p>\n<ul>\n<li>Marjoland posiada 0.2 hektara r\u00f3\u017c Red Naomi posadzonych w roku 2024<\/li>\n<\/ul>\n<p>[\/vc_column_text][vc_separator type=&#8221;transparent&#8221; down=&#8221;20&#8243;][\/vc_column_inner][vc_column_inner width=&#8221;1\/5&#8243;][vc_gallery interval=&#8221;0&#8243; images=&#8221;17697,17724&#8243; img_size=&#8221;200&#215;200&#8243; onclick=&#8221;&#8221;][vc_column_text]<\/p>\n<h3>Xoch<\/h3>\n<p>[\/vc_column_text][vc_separator type=&#8221;transparent&#8221; down=&#8221;20&#8243;][vc_column_text]<\/p>\n<ul>\n<li>Marjoland posiada 0.2 hektara r\u00f3\u017c Penny Lane posadzonych w 2024 roku<\/li>\n<\/ul>\n<p>[\/vc_column_text][vc_separator type=&#8221;transparent&#8221; down=&#8221;20&#8243;][\/vc_column_inner][vc_column_inner width=&#8221;1\/5&#8243;][vc_gallery interval=&#8221;0&#8243; images=&#8221;17703,17730&#8243; img_size=&#8221;200&#215;200&#8243; onclick=&#8221;&#8221;][vc_column_text]<\/p>\n<h3>Novi<\/h3>\n<p>[\/vc_column_text][vc_separator type=&#8221;transparent&#8221; down=&#8221;20&#8243;][vc_column_text]<\/p>\n<ul>\n<li>Marjoland posiada 0.2 hektara r\u00f3\u017c Penny Lane posadzonych w 2024 roku<\/li>\n<\/ul>\n<p>[\/vc_column_text][vc_separator type=&#8221;transparent&#8221; down=&#8221;20&#8243;][\/vc_column_inner][\/vc_row_inner][\/vc_column][\/vc_row][vc_row css_animation=&#8221;&#8221; row_type=&#8221;row&#8221; use_row_as_full_screen_section=&#8221;no&#8221; type=&#8221;full_width&#8221; angled_section=&#8221;no&#8221; text_align=&#8221;center&#8221; background_image_as_pattern=&#8221;without_pattern&#8221;][vc_column][vc_separator type=&#8221;transparent&#8221; up=&#8221;30&#8243;]<a  itemprop=\"url\" href=\"http:\/\/www.marjoland.com\/kontakt\" target=\"_self\"  class=\"qbutton  small center white default\" style=\"\">Kontakt<\/a>[vc_separator type=&#8221;transparent&#8221; up=&#8221;50&#8243;][\/vc_column][\/vc_row]<\/p>\n<\/div>","protected":false},"excerpt":{"rendered":"<p>[vc_row css_animation=&#8221;&#8221; row_type=&#8221;row&#8221; use_row_as_full_screen_section=&#8221;no&#8221; type=&#8221;full_width&#8221; angled_section=&#8221;no&#8221; text_align=&#8221;left&#8221; background_image_as_pattern=&#8221;without_pattern&#8221;][vc_column][vc_column_text] Przez 5 dni w tygodniu r\u00f3\u017ce firmy Marjoland sprzedawane s\u0105 na gie\u0142dach. Ka\u017cdego dnia swie\u017ce kwiaty sprzedawane s\u0105 r\u00f3wnie\u017c dla eksporter\u00f3w oraz sprzedawc\u00f3w krajowych.\u00a0R\u00f3\u017ce Marjoland s\u0105 ostatecznie sprzedawane na ca\u0142ym \u015bwiecie, ale g\u0142\u00f3wnie do kwiaciarni w Europie&#8230;.<\/p>\n","protected":false},"author":1,"featured_media":0,"parent":0,"menu_order":0,"comment_status":"closed","ping_status":"closed","template":"","meta":{"footnotes":""},"class_list":["post-15657","page","type-page","status-publish","hentry"],"_links":{"self":[{"href":"https:\/\/www.marjoland.com\/pl\/wp-json\/wp\/v2\/pages\/15657","targetHints":{"allow":["GET"]}}],"collection":[{"href":"https:\/\/www.marjoland.com\/pl\/wp-json\/wp\/v2\/pages"}],"about":[{"href":"https:\/\/www.marjoland.com\/pl\/wp-json\/wp\/v2\/types\/page"}],"author":[{"embeddable":true,"href":"https:\/\/www.marjoland.com\/pl\/wp-json\/wp\/v2\/users\/1"}],"replies":[{"embeddable":true,"href":"https:\/\/www.marjoland.com\/pl\/wp-json\/wp\/v2\/comments?post=15657"}],"version-history":[{"count":49,"href":"https:\/\/www.marjoland.com\/pl\/wp-json\/wp\/v2\/pages\/15657\/revisions"}],"predecessor-version":[{"id":17762,"href":"https:\/\/www.marjoland.com\/pl\/wp-json\/wp\/v2\/pages\/15657\/revisions\/17762"}],"wp:attachment":[{"href":"https:\/\/www.marjoland.com\/pl\/wp-json\/wp\/v2\/media?parent=15657"}],"curies":[{"name":"wp","href":"https:\/\/api.w.org\/{rel}","templated":true}]}}