{"id":15727,"date":"2015-12-03T16:53:29","date_gmt":"2015-12-03T15:53:29","guid":{"rendered":"http:\/\/www.jibg.nl\/fr\/contact\/contact\/"},"modified":"2015-12-15T16:36:13","modified_gmt":"2015-12-15T15:36:13","slug":"formulaire-de-contact","status":"publish","type":"page","link":"https:\/\/www.marjoland.com\/fr\/donnees-de-contact\/formulaire-de-contact\/","title":{"rendered":"Formulaire de contact"},"content":{"rendered":"<div class=\"wpb-content-wrapper\"><p>[vc_row row_type=\u00a0\u00bbrow\u00a0\u00bb use_row_as_full_screen_section=\u00a0\u00bbno\u00a0\u00bb type=\u00a0\u00bbfull_width\u00a0\u00bb angled_section=\u00a0\u00bbno\u00a0\u00bb text_align=\u00a0\u00bbleft\u00a0\u00bb background_image_as_pattern=\u00a0\u00bbwithout_pattern\u00a0\u00bb css_animation=\u00a0\u00bb\u00a0\u00bb][vc_column][vc_column_text]<\/p>\n<h6>Donn\u00e9es d\u2019adresse<\/h6>\n<p>[\/vc_column_text][vc_separator type=\u00a0\u00bbtransparent\u00a0\u00bb up=\u00a0\u00bb6&Prime; down=\u00a0\u00bb6&Prime;][vc_column_text]Bredeweg 1a<\/p>\n<p>2742KS Waddinxveen<\/p>\n<p>Pays Bas<\/p>\n<p>E-mail: info@marjoland.com<\/p>\n<p>T\u00e9l\u00e9phone g\u00e9n\u00e9ral: +31 79 593 6475<\/p>\n<p>T\u00e9l\u00e9phone vente: +31 79 593 3399[\/vc_column_text][vc_separator type=\u00a0\u00bbtransparent\u00a0\u00bb up=\u00a0\u00bb6&Prime; down=\u00a0\u00bb6&Prime;]<span class='q_social_icon_holder normal_social' ><a itemprop='url' href='https:\/\/www.facebook.com\/' target='_blank'><i class=\"qode_icon_font_awesome fa fa-facebook fa-lg simple_social\" style=\"\" ><\/i><\/a><\/span><span class='q_social_icon_holder normal_social' ><a itemprop='url' href='https:\/\/plus.google.com' target='_blank'><i class=\"qode_icon_font_awesome fa fa-google-plus fa-lg simple_social\" style=\"\" ><\/i><\/a><\/span><span class='q_social_icon_holder normal_social' ><a itemprop='url' href='https:\/\/twitter.com\/' target='_blank'><i class=\"qode_icon_font_awesome fa fa-twitter fa-lg simple_social\" style=\"\" ><\/i><\/a><\/span><span class='q_social_icon_holder normal_social' ><a itemprop='url' href='https:\/\/www.pinterest.com\/' target='_blank'><i class=\"qode_icon_font_awesome fa fa-pinterest fa-lg simple_social\" style=\"\" ><\/i><\/a><\/span>[\/vc_column][\/vc_row]<\/p>\n<\/div>","protected":false},"excerpt":{"rendered":"<p>[vc_row row_type=\u00a0\u00bbrow\u00a0\u00bb use_row_as_full_screen_section=\u00a0\u00bbno\u00a0\u00bb type=\u00a0\u00bbfull_width\u00a0\u00bb angled_section=\u00a0\u00bbno\u00a0\u00bb text_align=\u00a0\u00bbleft\u00a0\u00bb background_image_as_pattern=\u00a0\u00bbwithout_pattern\u00a0\u00bb css_animation=\u00a0\u00bb\u00a0\u00bb][vc_column][vc_column_text] Donn\u00e9es d\u2019adresse [\/vc_column_text][vc_separator type=\u00a0\u00bbtransparent\u00a0\u00bb up=\u00a0\u00bb6&Prime; down=\u00a0\u00bb6&Prime;][vc_column_text]Bredeweg 1a 2742KS Waddinxveen Pays Bas E-mail: info@marjoland.com T\u00e9l\u00e9phone g\u00e9n\u00e9ral: +31 79 593 6475 T\u00e9l\u00e9phone vente: +31 79 593 3399[\/vc_column_text][vc_separator type=\u00a0\u00bbtransparent\u00a0\u00bb up=\u00a0\u00bb6&Prime; down=\u00a0\u00bb6&Prime;][\/vc_column][\/vc_row]<\/p>\n","protected":false},"author":1,"featured_media":0,"parent":15835,"menu_order":0,"comment_status":"closed","ping_status":"closed","template":"","meta":{"footnotes":""},"class_list":["post-15727","page","type-page","status-publish","hentry"],"_links":{"self":[{"href":"https:\/\/www.marjoland.com\/fr\/wp-json\/wp\/v2\/pages\/15727","targetHints":{"allow":["GET"]}}],"collection":[{"href":"https:\/\/www.marjoland.com\/fr\/wp-json\/wp\/v2\/pages"}],"about":[{"href":"https:\/\/www.marjoland.com\/fr\/wp-json\/wp\/v2\/types\/page"}],"author":[{"embeddable":true,"href":"https:\/\/www.marjoland.com\/fr\/wp-json\/wp\/v2\/users\/1"}],"replies":[{"embeddable":true,"href":"https:\/\/www.marjoland.com\/fr\/wp-json\/wp\/v2\/comments?post=15727"}],"version-history":[{"count":4,"href":"https:\/\/www.marjoland.com\/fr\/wp-json\/wp\/v2\/pages\/15727\/revisions"}],"predecessor-version":[{"id":16120,"href":"https:\/\/www.marjoland.com\/fr\/wp-json\/wp\/v2\/pages\/15727\/revisions\/16120"}],"up":[{"embeddable":true,"href":"https:\/\/www.marjoland.com\/fr\/wp-json\/wp\/v2\/pages\/15835"}],"wp:attachment":[{"href":"https:\/\/www.marjoland.com\/fr\/wp-json\/wp\/v2\/media?parent=15727"}],"curies":[{"name":"wp","href":"https:\/\/api.w.org\/{rel}","templated":true}]}}