{"id":15659,"date":"2015-05-26T09:57:38","date_gmt":"2015-05-26T08:57:38","guid":{"rendered":"http:\/\/www.jibg.nl\/fr\/over-marjoland\/"},"modified":"2020-11-24T14:04:52","modified_gmt":"2020-11-24T13:04:52","slug":"marjoland","status":"publish","type":"page","link":"https:\/\/www.marjoland.com\/fr\/marjoland\/","title":{"rendered":"Marjoland"},"content":{"rendered":"<div class=\"wpb-content-wrapper\"><p>[vc_row css_animation=\u00a0\u00bb\u00a0\u00bb row_type=\u00a0\u00bbrow\u00a0\u00bb use_row_as_full_screen_section=\u00a0\u00bbno\u00a0\u00bb type=\u00a0\u00bbgrid\u00a0\u00bb angled_section=\u00a0\u00bbno\u00a0\u00bb text_align=\u00a0\u00bbleft\u00a0\u00bb background_image_as_pattern=\u00a0\u00bbwithout_pattern\u00a0\u00bb background_color=\u00a0\u00bb#f8f8f8&Prime; padding_top=\u00a0\u00bb70&Prime; padding_bottom=\u00a0\u00bb40&Prime; el_id=\u00a0\u00bbservice\u00a0\u00bb][vc_column width=\u00a0\u00bb2\/3&Prime;][vc_column_text]<\/p>\n<h2 style=\"text-align: left;\">Service<\/h2>\n<p>[\/vc_column_text][vc_separator type=\u00a0\u00bbsmall\u00a0\u00bb position=\u00a0\u00bbleft\u00a0\u00bb up=\u00a0\u00bb24&Prime; down=\u00a0\u00bb33&Prime;][vc_column_text]Marjoland cherche \u00e0 optimiser au mieux la collaboration avec ses clients et ses acheteurs. Tous les jours Marjoland vend aux ench\u00e8res ses produits dans tous les lieux Flora Holland aux Pays-Bas, en Allemagne \u00e0 la maison d\u2019ench\u00e8res Rhein-Maas et \u00e0 Plantion Ede. Via le syst\u00e8me Connect nous fournissons \u00e9galement \u00e0 toutes ces maisons d\u2019ench\u00e8res. Nous offrons \u00e9galement du transport en journ\u00e9e \u00e0 Aalsmeer, Naaldwijk et Rijnsburg. Pour plus d\u2019information, veuillez prendre contact avec le d\u00e9partement des ventes. Vous pouvez placer votre commande de diff\u00e9rentes fa\u00e7ons chez Marjoland\u00a0;<\/p>\n<ul>\n<li>Par t\u00e9l\u00e9phone<\/li>\n<li>En pr\u00e9vente<\/li>\n<li>Via le lien \u201cplace de march\u00e9 virtuelle\u201d avec votre boutique en ligne<\/li>\n<li>Par e-mail<\/li>\n<\/ul>\n<p>[\/vc_column_text][vc_separator type=\u00a0\u00bbtransparent\u00a0\u00bb up=\u00a0\u00bb14&Prime; down=\u00a0\u00bb0&Prime;][vc_column_text]Le lien \u201cplace de march\u00e9 virtuelle\u201d est destin\u00e9 \u00e0 faciliter la communication digitale entre Marjoland et l\u2019exportateur et \u00e0 offrir encore plus de service et de travail sur mesure. Le lien, que vous pouvez int\u00e9grer dans votre boutique en ligne, vous permet d\u2019effectuer des achats directement de notre stock. Cela a plusieurs avantages\u00a0; cette possibilit\u00e9 facilite les proc\u00e9d\u00e9s d\u2019entreprise des deux c\u00f4t\u00e9s, les fautes de frappe manuelles peuvent \u00eatre \u00e9vit\u00e9es, vous pouvez acheter les quantit\u00e9s en fonction de vos besoins de sorte qu\u2019il ne vous reste pas des exc\u00e8s et gr\u00e2ce aux heures d\u2019ouverture flexibles, l\u2019offre est disponible pendant presque 24 heures par jour.[\/vc_column_text][vc_separator type=\u00a0\u00bbtransparent\u00a0\u00bb up=\u00a0\u00bb14&Prime; down=\u00a0\u00bb0&Prime;][vc_column_text]Gr\u00e2ce \u00e0 la d\u00e9dicace de ses collaborateurs et \u00e0 la diversit\u00e9 des possibilit\u00e9s logistiques, Marjoland peut emballer et fournir ses beaux rosiers de chaque fa\u00e7on en fonction des souhaits du client. Pensez par exemple aux nombres d\u00e9viants, \u00e0 l\u2019emballage par bouquet\/en tonneau ou \u00e0 d\u2019autres types d\u2019emballage.[\/vc_column_text][vc_separator type=\u00a0\u00bbtransparent\u00a0\u00bb up=\u00a0\u00bb55&Prime; down=\u00a0\u00bb0&Prime;][\/vc_column][vc_column width=\u00a0\u00bb1\/3&Prime;][vc_single_image image=\u00a0\u00bb15551&Prime; img_size=\u00a0\u00bbfull\u00a0\u00bb style=\u00a0\u00bbvc_box_shadow\u00a0\u00bb qode_css_animation=\u00a0\u00bb\u00a0\u00bb][vc_separator type=\u00a0\u00bbtransparent\u00a0\u00bb down=\u00a0\u00bb20&Prime;][\/vc_column][\/vc_row][vc_row css_animation=\u00a0\u00bb\u00a0\u00bb row_type=\u00a0\u00bbrow\u00a0\u00bb use_row_as_full_screen_section=\u00a0\u00bbno\u00a0\u00bb type=\u00a0\u00bbgrid\u00a0\u00bb angled_section=\u00a0\u00bbno\u00a0\u00bb text_align=\u00a0\u00bbleft\u00a0\u00bb background_image_as_pattern=\u00a0\u00bbwithout_pattern\u00a0\u00bb background_color=\u00a0\u00bb#ffffff\u00a0\u00bb padding_top=\u00a0\u00bb70&Prime; padding_bottom=\u00a0\u00bb40&Prime;][vc_column width=\u00a0\u00bb1\/3&Prime;][vc_single_image image=\u00a0\u00bb15944&Prime; img_size=\u00a0\u00bbfull\u00a0\u00bb style=\u00a0\u00bbvc_box_shadow\u00a0\u00bb qode_css_animation=\u00a0\u00bb\u00a0\u00bb][\/vc_column][vc_column width=\u00a0\u00bb2\/3&Prime;][vc_column_text]<\/p>\n<h2 style=\"text-align: left;\">Processus de production<\/h2>\n<p>[\/vc_column_text][vc_separator type=\u00a0\u00bbsmall\u00a0\u00bb position=\u00a0\u00bbleft\u00a0\u00bb up=\u00a0\u00bb24&Prime; down=\u00a0\u00bb33&Prime;][vc_column_text]<\/p>\n<div class=\"wpb_text_column wpb_content_element \">\n<div class=\"wpb_wrapper\">\n<h6><strong><em>De petite plante \u00e0 rosier<\/em><\/strong><\/h6>\n<\/div>\n<\/div>\n<p>[\/vc_column_text][vc_separator type=\u00a0\u00bbtransparent\u00a0\u00bb up=\u00a0\u00bb14&Prime; down=\u00a0\u00bb0&Prime;][vc_column_text]<\/p>\n<div class=\"wpb_text_column wpb_content_element \">\n<div class=\"wpb_wrapper\">\n<p>En moyenne, une plante reste pendant 8-10 ans chez Marjoland. Le contr\u00f4le et l\u2019entretien de la plante sont donc d\u2019importance vitale afin d\u2019assurer la bonne qualit\u00e9. Par cons\u00e9quent, nous pr\u00eatons une attention particuli\u00e8re \u00e0 ces \u00e9tapes.<\/p>\n<\/div>\n<\/div>\n<p>[\/vc_column_text][vc_separator type=\u00a0\u00bbtransparent\u00a0\u00bb up=\u00a0\u00bb14&Prime; down=\u00a0\u00bb0&Prime;][vc_column_text]Plusieurs sp\u00e9cialistes en horticulture sont occup\u00e9s jour et nuit afin d\u2019optimiser le climat pour les plantes. Le niveau de CO2, la lumi\u00e8re et la temp\u00e9rature par serre peuvent \u00eatre r\u00e9gl\u00e9s dans le but de faire pousser la plante dans les meilleures conditions.[\/vc_column_text][\/vc_column][\/vc_row][vc_row css_animation=\u00a0\u00bb\u00a0\u00bb row_type=\u00a0\u00bbrow\u00a0\u00bb use_row_as_full_screen_section=\u00a0\u00bbno\u00a0\u00bb type=\u00a0\u00bbgrid\u00a0\u00bb angled_section=\u00a0\u00bbno\u00a0\u00bb text_align=\u00a0\u00bbleft\u00a0\u00bb background_image_as_pattern=\u00a0\u00bbwithout_pattern\u00a0\u00bb background_color=\u00a0\u00bb#ffffff\u00a0\u00bb padding_top=\u00a0\u00bb70&Prime; padding_bottom=\u00a0\u00bb40&Prime;][vc_column][vc_separator type=\u00a0\u00bbnormal\u00a0\u00bb color=\u00a0\u00bb#dddddd\u00a0\u00bb up=\u00a0\u00bb5&Prime; down=\u00a0\u00bb5&Prime;][\/vc_column][\/vc_row][vc_row css_animation=\u00a0\u00bb\u00a0\u00bb row_type=\u00a0\u00bbrow\u00a0\u00bb use_row_as_full_screen_section=\u00a0\u00bbno\u00a0\u00bb type=\u00a0\u00bbgrid\u00a0\u00bb angled_section=\u00a0\u00bbno\u00a0\u00bb text_align=\u00a0\u00bbleft\u00a0\u00bb background_image_as_pattern=\u00a0\u00bbwithout_pattern\u00a0\u00bb background_color=\u00a0\u00bb#ffffff\u00a0\u00bb padding_top=\u00a0\u00bb70&Prime; padding_bottom=\u00a0\u00bb40&Prime;][vc_column width=\u00a0\u00bb2\/3&Prime;][vc_column_text]<\/p>\n<div class=\"wpb_text_column wpb_content_element \">\n<div class=\"wpb_wrapper\">\n<div class=\"wpb_text_column wpb_content_element \">\n<div class=\"wpb_wrapper\">\n<h6>Rosier de la serre au transport<\/h6>\n<\/div>\n<\/div>\n<\/div>\n<\/div>\n<p>[\/vc_column_text][vc_separator type=\u00a0\u00bbtransparent\u00a0\u00bb up=\u00a0\u00bb14&Prime; down=\u00a0\u00bb0&Prime;][vc_column_text]<\/p>\n<div class=\"wpb_text_column wpb_content_element \">\n<div class=\"wpb_wrapper\">\n<p>Les rosiers de Marjoland sont coup\u00e9s deux fois par jour afin de pouvoir bien distinguer les diff\u00e9rents degr\u00e9s de maturit\u00e9 et de les trier en tant que tels. Par la suite, les rosiers sont r\u00e9frig\u00e9r\u00e9s jusqu\u2019\u00e0 4 degr\u00e9s pour ralentir le processus de croissance. Chaque rosier est contr\u00f4l\u00e9 \u00e0 la main et tri\u00e9 en fonction de la longueur, de la largeur et de la maturit\u00e9.<br \/>\nApr\u00e8s ils sont emball\u00e9s et mis \u00e0 l\u2019eau. En cas de diff\u00e9rentes longueurs, un col en carton est install\u00e9 afin de prot\u00e9ger les rosiers au mieux avant qu\u2019ils ne soient transport\u00e9s.<\/p>\n<\/div>\n<\/div>\n<p>[\/vc_column_text][\/vc_column][vc_column width=\u00a0\u00bb1\/3&Prime;][vc_single_image image=\u00a0\u00bb15705&Prime; img_size=\u00a0\u00bbfull\u00a0\u00bb style=\u00a0\u00bbvc_box_shadow\u00a0\u00bb qode_css_animation=\u00a0\u00bb\u00a0\u00bb][\/vc_column][\/vc_row][vc_row css_animation=\u00a0\u00bb\u00a0\u00bb row_type=\u00a0\u00bbrow\u00a0\u00bb use_row_as_full_screen_section=\u00a0\u00bbno\u00a0\u00bb type=\u00a0\u00bbgrid\u00a0\u00bb angled_section=\u00a0\u00bbno\u00a0\u00bb text_align=\u00a0\u00bbleft\u00a0\u00bb background_image_as_pattern=\u00a0\u00bbwithout_pattern\u00a0\u00bb background_color=\u00a0\u00bb#f8f8f8&Prime; padding_top=\u00a0\u00bb69&Prime; padding_bottom=\u00a0\u00bb40&Prime;][vc_column][vc_column_text]<\/p>\n<h2 style=\"text-align: center;\">Histoire<\/h2>\n<p>[\/vc_column_text][vc_separator type=\u00a0\u00bbsmall\u00a0\u00bb position=\u00a0\u00bbcenter\u00a0\u00bb up=\u00a0\u00bb24&Prime; down=\u00a0\u00bb61&Prime;][vc_row_inner row_type=\u00a0\u00bbrow\u00a0\u00bb type=\u00a0\u00bbfull_width\u00a0\u00bb text_align=\u00a0\u00bbleft\u00a0\u00bb css_animation=\u00a0\u00bb\u00a0\u00bb][vc_column_inner width=\u00a0\u00bb1\/4&Prime;][vc_column_text]Joop van den Nouweland savait d\u00e9j\u00e0 depuis longtemps qu\u2019il voulait cr\u00e9er sa propre entreprise. Son p\u00e8re lui montrait l\u2019exemple. Koos van den Nouweland avait cr\u00e9\u00e9 son propre mara\u00eechage de concombre de 1.6 hectares \u00e0 Leidschendam. Comme petit gar\u00e7on de quatre ans, Joop accompagnait son p\u00e8re tous les matins. C\u2019est la pratique qui lui a appris le travail d\u2019horticulteur. Il \u00e9tait de ce fait tout \u00e0 fait d\u00e9sign\u00e9 pour ce m\u00e9tier.[\/vc_column_text][vc_separator type=\u00a0\u00bbtransparent\u00a0\u00bb up=\u00a0\u00bb37&Prime; down=\u00a0\u00bb0&Prime;][\/vc_column_inner][vc_column_inner width=\u00a0\u00bb1\/4&Prime;][vc_column_text]En 1978 Joop cr\u00e9a sa propre entreprise. \u00ab J\u2019ai fait construire une serre de 14.500 m\u00e8tres carr\u00e9s de verre. Pour cette \u00e9poque, ce fut \u00e9norme. \u00bb Dans son premier jardin \u00e0 Bleiswijk il cultiva pendant sept ans ses premiers concombres. En 1985 il passa \u00e0 la culture des rosiers. \u00ab On peut traiter ses roses avec amour et avec connaissance, jusqu\u2019au moment o\u00f9 elles se font remarquer parmi celles d\u2019autres horticulteurs. \u00bb[\/vc_column_text][vc_separator type=\u00a0\u00bbtransparent\u00a0\u00bb up=\u00a0\u00bb37&Prime; down=\u00a0\u00bb0&Prime;][\/vc_column_inner][vc_column_inner width=\u00a0\u00bb1\/4&Prime;][vc_column_text]En 1989 Joop et Mariola achet\u00e8rent l\u2019horticulture de leurs voisins. Un deuxi\u00e8me doublement de la place disponible eut lieu en 1997 quand Van den Nouweland agrandit ses installations avec une serre de 3,4 ha \u00e0 l\u2019Abraham Kroesweg \u00e0 Waddinxveen.<br \/>\nMarjoland se cr\u00e9a d\u00e9but 2000 quand une nouvelle installation fut construite au Bredeweg \u00e0 Waddinxveen. En 2005 Marjoland 2 fut cr\u00e9\u00e9 avec un syst\u00e8me de culture mobile de 2,7 ha. Dans cette m\u00eame ann\u00e9e Marjoland reprit la soci\u00e9t\u00e9 voisine de 4,8 ha.[\/vc_column_text][vc_separator type=\u00a0\u00bbtransparent\u00a0\u00bb up=\u00a0\u00bb37&Prime; down=\u00a0\u00bb0&Prime;][\/vc_column_inner][vc_column_inner width=\u00a0\u00bb1\/4&Prime;][vc_column_text]2007-2008 fut la p\u00e9riode de l\u2019opportunisme et de la cr\u00e9ation de capacit\u00e9s. La famille Van den Nouweland voulait se concentrer sur un seul lieu. La soci\u00e9t\u00e9 \u00e0 Bleiswijk et une division \u00e0 Waddinxveen furent vendues et d\u2019autres soci\u00e9t\u00e9s furent achet\u00e9es. De cette fa\u00e7on une seule grande parcelle rectangulaire de 20 hectares se cr\u00e9a. 0,8 ha se trouvent au-dessus du syst\u00e8me central de tri et d\u2019emballage.[\/vc_column_text][vc_separator type=\u00a0\u00bbtransparent\u00a0\u00bb up=\u00a0\u00bb37&Prime; down=\u00a0\u00bb0&Prime;][\/vc_column_inner][\/vc_row_inner][vc_row_inner row_type=\u00a0\u00bbrow\u00a0\u00bb type=\u00a0\u00bbfull_width\u00a0\u00bb text_align=\u00a0\u00bbleft\u00a0\u00bb css_animation=\u00a0\u00bb\u00a0\u00bb][vc_column_inner][vc_column_text]<\/p>\n<h2 style=\"text-align: left;\">35 ans d\u2019exp\u00e9rience en tant que rosi\u00e9riste<\/h2>\n<p>[\/vc_column_text][vc_separator type=\u00a0\u00bbtransparent\u00a0\u00bb up=\u00a0\u00bb5&Prime; down=\u00a0\u00bb5&Prime;][vc_single_image image=\u00a0\u00bb15946&Prime; img_size=\u00a0\u00bb300&#215;200&Prime; qode_css_animation=\u00a0\u00bb\u00a0\u00bb][\/vc_column_inner][\/vc_row_inner][\/vc_column][\/vc_row][vc_row css_animation=\u00a0\u00bb\u00a0\u00bb row_type=\u00a0\u00bbrow\u00a0\u00bb use_row_as_full_screen_section=\u00a0\u00bbno\u00a0\u00bb type=\u00a0\u00bbgrid\u00a0\u00bb angled_section=\u00a0\u00bbno\u00a0\u00bb text_align=\u00a0\u00bbleft\u00a0\u00bb background_image_as_pattern=\u00a0\u00bbwithout_pattern\u00a0\u00bb background_color=\u00a0\u00bb#ffffff\u00a0\u00bb padding_top=\u00a0\u00bb68&Prime; padding_bottom=\u00a0\u00bb30&Prime; el_id=\u00a0\u00bbffp\u00a0\u00bb][vc_column][vc_row_inner row_type=\u00a0\u00bbrow\u00a0\u00bb type=\u00a0\u00bbfull_width\u00a0\u00bb text_align=\u00a0\u00bbleft\u00a0\u00bb css_animation=\u00a0\u00bb\u00a0\u00bb][vc_column_inner width=\u00a0\u00bb2\/3&Prime;][vc_column_text]<\/p>\n<div class=\"wpb_text_column wpb_content_element \">\n<div class=\"wpb_wrapper\">\n<h2>La famille van den Nouweland<\/h2>\n<\/div>\n<\/div>\n<p>[\/vc_column_text][vc_separator type=\u00a0\u00bbsmall\u00a0\u00bb position=\u00a0\u00bbleft\u00a0\u00bb up=\u00a0\u00bb24&Prime; down=\u00a0\u00bb61&Prime;][vc_column_text]La famille van den Nouweland se cache derri\u00e8re Marjoland. P\u00e8re, m\u00e8re, fils, fille, 2 oncles, tante et un neveu. Ils s\u2019occupent du d\u00e9veloppement de l\u2019entreprise. Ensemble avec les collaborateurs de Marjoland la famille van den Nouweland vise \u00e0 cr\u00e9er une bonne atmosph\u00e8re de travail, dans laquelle les normes et valeurs solides que la famille d\u00e9fend, sont un \u00e9l\u00e9ment essentiel.<\/p>\n<p>Dans une culture ouverte l\u2019entreprise offre \u00e0 chacun et \u00e0 chacune des chances de d\u00e9veloppement. Marjoland se veut une soci\u00e9t\u00e9 sociable et transparente qui partage ses connaissances avec l\u2019autrui. En m\u00eame temps les collaborateurs sont encourag\u00e9s \u00e0 apporter des solutions et donc \u00e0 cr\u00e9er plus d\u2019engagement. De cette fa\u00e7on les personnes chez Marjoland se d\u00e9veloppent de plus en plus.[\/vc_column_text][vc_separator type=\u00a0\u00bbtransparent\u00a0\u00bb up=\u00a0\u00bb47&Prime; down=\u00a0\u00bb0&Prime;][\/vc_column_inner][vc_column_inner width=\u00a0\u00bb1\/3&Prime;][vc_single_image image=\u00a0\u00bb16657&Prime; img_size=\u00a0\u00bbfull\u00a0\u00bb alignment=\u00a0\u00bbcenter\u00a0\u00bb onclick=\u00a0\u00bbcustom_link\u00a0\u00bb img_link_target=\u00a0\u00bb_blank\u00a0\u00bb qode_css_animation=\u00a0\u00bbelement_from_fade\u00a0\u00bb transition_delay=\u00a0\u00bb0.4&Prime; link=\u00a0\u00bbhttps:\/\/www.ridefortheroses.nl\/\u00a0\u00bb][vc_separator type=\u00a0\u00bbtransparent\u00a0\u00bb up=\u00a0\u00bb47&Prime; down=\u00a0\u00bb0&Prime;][\/vc_column_inner][\/vc_row_inner][\/vc_column][\/vc_row][vc_row css_animation=\u00a0\u00bb\u00a0\u00bb row_type=\u00a0\u00bbrow\u00a0\u00bb use_row_as_full_screen_section=\u00a0\u00bbno\u00a0\u00bb type=\u00a0\u00bbgrid\u00a0\u00bb angled_section=\u00a0\u00bbno\u00a0\u00bb text_align=\u00a0\u00bbleft\u00a0\u00bb background_image_as_pattern=\u00a0\u00bbwithout_pattern\u00a0\u00bb background_color=\u00a0\u00bb#ffffff\u00a0\u00bb padding_top=\u00a0\u00bb68&Prime; padding_bottom=\u00a0\u00bb30&Prime;][vc_column][vc_row_inner row_type=\u00a0\u00bbrow\u00a0\u00bb type=\u00a0\u00bbfull_width\u00a0\u00bb text_align=\u00a0\u00bbleft\u00a0\u00bb css_animation=\u00a0\u00bb\u00a0\u00bb][vc_column_inner width=\u00a0\u00bb2\/3&Prime;][vc_column_text]<\/p>\n<div class=\"wpb_text_column wpb_content_element \">\n<div class=\"wpb_wrapper\">\n<h2>Certifi\u00e9 MPS A et Global G.A.P<\/h2>\n<\/div>\n<\/div>\n<p>[\/vc_column_text][vc_separator type=\u00a0\u00bbsmall\u00a0\u00bb position=\u00a0\u00bbleft\u00a0\u00bb up=\u00a0\u00bb24&Prime; down=\u00a0\u00bb61&Prime;][vc_column_text]Marjoland a l&rsquo;ambition de travailler dans le respect des personnes, de la nature et de l&rsquo;environnement. Avec la certification transparente MPS, nous contribuons \u00e0 rendre l&rsquo;ensemble de la cha\u00eene plus durable.<\/p>\n<p>En plus du MPS A, Marjoland poss\u00e8de le certificat Global G.A.P avec GRASP.[\/vc_column_text][vc_separator type=\u00a0\u00bbtransparent\u00a0\u00bb up=\u00a0\u00bb47&Prime; down=\u00a0\u00bb0&Prime;][vc_separator type=\u00a0\u00bbtransparent\u00a0\u00bb up=\u00a0\u00bb47&Prime; down=\u00a0\u00bb0&Prime;][\/vc_column_inner][vc_column_inner width=\u00a0\u00bb1\/3&Prime;][vc_single_image image=\u00a0\u00bb16662&Prime; img_size=\u00a0\u00bbfull\u00a0\u00bb alignment=\u00a0\u00bbcenter\u00a0\u00bb onclick=\u00a0\u00bbcustom_link\u00a0\u00bb img_link_target=\u00a0\u00bb_blank\u00a0\u00bb qode_css_animation=\u00a0\u00bbelement_from_fade\u00a0\u00bb transition_delay=\u00a0\u00bb0.4&Prime; link=\u00a0\u00bbhttps:\/\/www.ridefortheroses.nl\/\u00a0\u00bb][vc_separator type=\u00a0\u00bbtransparent\u00a0\u00bb up=\u00a0\u00bb47&Prime; down=\u00a0\u00bb0&Prime;][\/vc_column_inner][\/vc_row_inner][\/vc_column][\/vc_row][vc_row css_animation=\u00a0\u00bb\u00a0\u00bb row_type=\u00a0\u00bbrow\u00a0\u00bb use_row_as_full_screen_section=\u00a0\u00bbno\u00a0\u00bb type=\u00a0\u00bbgrid\u00a0\u00bb angled_section=\u00a0\u00bbno\u00a0\u00bb text_align=\u00a0\u00bbleft\u00a0\u00bb background_image_as_pattern=\u00a0\u00bbwithout_pattern\u00a0\u00bb background_color=\u00a0\u00bb#ffffff\u00a0\u00bb padding_top=\u00a0\u00bb68&Prime; padding_bottom=\u00a0\u00bb30&Prime;][vc_column][vc_row_inner row_type=\u00a0\u00bbrow\u00a0\u00bb type=\u00a0\u00bbfull_width\u00a0\u00bb text_align=\u00a0\u00bbleft\u00a0\u00bb css_animation=\u00a0\u00bb\u00a0\u00bb][vc_column_inner width=\u00a0\u00bb1\/3&Prime;][vc_single_image image=\u00a0\u00bb15576&Prime; img_size=\u00a0\u00bbfull\u00a0\u00bb alignment=\u00a0\u00bbcenter\u00a0\u00bb style=\u00a0\u00bbvc_box_shadow\u00a0\u00bb onclick=\u00a0\u00bbcustom_link\u00a0\u00bb img_link_target=\u00a0\u00bb_blank\u00a0\u00bb qode_css_animation=\u00a0\u00bbelement_from_fade\u00a0\u00bb transition_delay=\u00a0\u00bb0.4&Prime; link=\u00a0\u00bbhttps:\/\/www.ridefortheroses.nl\/\u00a0\u00bb][vc_separator type=\u00a0\u00bbtransparent\u00a0\u00bb up=\u00a0\u00bb47&Prime; down=\u00a0\u00bb0&Prime;][\/vc_column_inner][vc_column_inner width=\u00a0\u00bb2\/3&Prime;][vc_column_text]<\/p>\n<h2 style=\"text-align: left;\">Ride for the Roses<\/h2>\n<p>[\/vc_column_text][vc_separator type=\u00a0\u00bbsmall\u00a0\u00bb position=\u00a0\u00bbleft\u00a0\u00bb up=\u00a0\u00bb24&Prime; down=\u00a0\u00bb61&Prime;][vc_column_text]Depuis plusieurs ann\u00e9es Marjoland est d\u00e9termin\u00e9 \u00e0 soutenir the Ride for the Roses, un \u00e9v\u00e9nement pour cyclistes dont les fonds r\u00e9colt\u00e9s vont int\u00e9gralement \u00e0 l\u2019association pour la lutte contre le cancer KWF.[\/vc_column_text][vc_separator type=\u00a0\u00bbtransparent\u00a0\u00bb up=\u00a0\u00bb47&Prime; down=\u00a0\u00bb0&Prime;][\/vc_column_inner][\/vc_row_inner][\/vc_column][\/vc_row]<\/p>\n<\/div>","protected":false},"excerpt":{"rendered":"<p>[vc_row css_animation=\u00a0\u00bb\u00a0\u00bb row_type=\u00a0\u00bbrow\u00a0\u00bb use_row_as_full_screen_section=\u00a0\u00bbno\u00a0\u00bb type=\u00a0\u00bbgrid\u00a0\u00bb angled_section=\u00a0\u00bbno\u00a0\u00bb text_align=\u00a0\u00bbleft\u00a0\u00bb background_image_as_pattern=\u00a0\u00bbwithout_pattern\u00a0\u00bb background_color=\u00a0\u00bb#f8f8f8&Prime; padding_top=\u00a0\u00bb70&Prime; padding_bottom=\u00a0\u00bb40&Prime; el_id=\u00a0\u00bbservice\u00a0\u00bb][vc_column width=\u00a0\u00bb2\/3&Prime;][vc_column_text] Service [\/vc_column_text][vc_separator type=\u00a0\u00bbsmall\u00a0\u00bb position=\u00a0\u00bbleft\u00a0\u00bb up=\u00a0\u00bb24&Prime; down=\u00a0\u00bb33&Prime;][vc_column_text]Marjoland cherche \u00e0 optimiser au mieux la collaboration avec ses clients et ses acheteurs. Tous les jours Marjoland vend aux ench\u00e8res ses produits dans tous les lieux&#8230;<\/p>\n","protected":false},"author":1,"featured_media":0,"parent":0,"menu_order":0,"comment_status":"open","ping_status":"closed","template":"full_width.php","meta":{"footnotes":""},"class_list":["post-15659","page","type-page","status-publish","hentry"],"_links":{"self":[{"href":"https:\/\/www.marjoland.com\/fr\/wp-json\/wp\/v2\/pages\/15659","targetHints":{"allow":["GET"]}}],"collection":[{"href":"https:\/\/www.marjoland.com\/fr\/wp-json\/wp\/v2\/pages"}],"about":[{"href":"https:\/\/www.marjoland.com\/fr\/wp-json\/wp\/v2\/types\/page"}],"author":[{"embeddable":true,"href":"https:\/\/www.marjoland.com\/fr\/wp-json\/wp\/v2\/users\/1"}],"replies":[{"embeddable":true,"href":"https:\/\/www.marjoland.com\/fr\/wp-json\/wp\/v2\/comments?post=15659"}],"version-history":[{"count":32,"href":"https:\/\/www.marjoland.com\/fr\/wp-json\/wp\/v2\/pages\/15659\/revisions"}],"predecessor-version":[{"id":16668,"href":"https:\/\/www.marjoland.com\/fr\/wp-json\/wp\/v2\/pages\/15659\/revisions\/16668"}],"wp:attachment":[{"href":"https:\/\/www.marjoland.com\/fr\/wp-json\/wp\/v2\/media?parent=15659"}],"curies":[{"name":"wp","href":"https:\/\/api.w.org\/{rel}","templated":true}]}}