{"id":15655,"date":"2015-09-14T10:36:29","date_gmt":"2015-09-14T09:36:29","guid":{"rendered":"http:\/\/www.jibg.nl\/fr\/onze-rozen\/"},"modified":"2024-11-27T10:50:11","modified_gmt":"2024-11-27T09:50:11","slug":"nos-rosiers","status":"publish","type":"page","link":"https:\/\/www.marjoland.com\/fr\/nos-rosiers\/","title":{"rendered":"Nos rosiers"},"content":{"rendered":"<div class=\"wpb-content-wrapper\"><p>[vc_row css_animation=\u00a0\u00bb\u00a0\u00bb row_type=\u00a0\u00bbrow\u00a0\u00bb use_row_as_full_screen_section=\u00a0\u00bbno\u00a0\u00bb type=\u00a0\u00bbfull_width\u00a0\u00bb angled_section=\u00a0\u00bbno\u00a0\u00bb text_align=\u00a0\u00bbleft\u00a0\u00bb background_image_as_pattern=\u00a0\u00bbwithout_pattern\u00a0\u00bb][vc_column][vc_column_text]Tous les jours, les rosiers de Marjoland sont vendus aux ench\u00e8res dans toutes les salles de vente aux Pays-Bas et \u00e0 Rhein-Maas en Allemagne. Chaque jour ouvrable les produits frais de Marjoland sont vendus \u00e0 des exportateurs et \u00e0 des commer\u00e7ants nationaux. Les rosiers de Marjoland sont principalement vendus dans le monde entier, mais principalement \u00e0 des fleuristes en Europe.<br \/>\nEn plus de notre ligne MarjoGold (roses A1), nous avons \u00e9galement MarjoDeluxe (roses XL) et MarjoSilver (roses A2) disponibles.[\/vc_column_text][vc_separator type=\u00a0\u00bbtransparent\u00a0\u00bb up=\u00a0\u00bb10&Prime; down=\u00a0\u00bb30&Prime;][\/vc_column][\/vc_row][vc_row css_animation=\u00a0\u00bb\u00a0\u00bb row_type=\u00a0\u00bbrow\u00a0\u00bb use_row_as_full_screen_section=\u00a0\u00bbno\u00a0\u00bb type=\u00a0\u00bbfull_width\u00a0\u00bb angled_section=\u00a0\u00bbno\u00a0\u00bb text_align=\u00a0\u00bbleft\u00a0\u00bb background_image_as_pattern=\u00a0\u00bbwithout_pattern\u00a0\u00bb][vc_column][vc_column_text]<\/p>\n<h3 style=\"text-align: center;\">Nos rosiers<\/h3>\n<p>[\/vc_column_text][vc_separator type=\u00a0\u00bbsmall\u00a0\u00bb position=\u00a0\u00bbcenter\u00a0\u00bb color=\u00a0\u00bb#000000&Prime; up=\u00a0\u00bb10&Prime; down=\u00a0\u00bb30&Prime;][\/vc_column][\/vc_row][vc_row css_animation=\u00a0\u00bb\u00a0\u00bb row_type=\u00a0\u00bbrow\u00a0\u00bb use_row_as_full_screen_section=\u00a0\u00bbno\u00a0\u00bb type=\u00a0\u00bbfull_width\u00a0\u00bb angled_section=\u00a0\u00bbno\u00a0\u00bb text_align=\u00a0\u00bbleft\u00a0\u00bb background_image_as_pattern=\u00a0\u00bbwithout_pattern\u00a0\u00bb el_id=\u00a0\u00bbsweet-dolomiti\u00a0\u00bb][vc_column][vc_row_inner row_type=\u00a0\u00bbrow\u00a0\u00bb type=\u00a0\u00bbfull_width\u00a0\u00bb text_align=\u00a0\u00bbleft\u00a0\u00bb css_animation=\u00a0\u00bb\u00a0\u00bb][vc_column_inner width=\u00a0\u00bb1\/5&Prime;][vc_gallery interval=\u00a0\u00bb0&Prime; images=\u00a0\u00bb17341,15429,15582,15801&Prime; img_size=\u00a0\u00bb200&#215;200&Prime; onclick=\u00a0\u00bb\u00a0\u00bb][vc_column_text]<\/p>\n<h3>Sweet Dolomiti<\/h3>\n<p>[\/vc_column_text][vc_separator type=\u00a0\u00bbtransparent\u00a0\u00bb down=\u00a0\u00bb20&Prime;][vc_column_text]<\/p>\n<ul>\n<li>Rose de couleur rose \u00e0 grande fleur exclusive<\/li>\n<li>Grand bouton de fleur long et ponctuel<\/li>\n<li>Marjoland dispose de 0.8 hectares de cette rose plant\u00e9e en 2021<\/li>\n<\/ul>\n<p>[\/vc_column_text][vc_separator type=\u00a0\u00bbtransparent\u00a0\u00bb down=\u00a0\u00bb20&Prime;][\/vc_column_inner][vc_column_inner width=\u00a0\u00bb1\/5&Prime;][vc_gallery interval=\u00a0\u00bb0&Prime; images=\u00a0\u00bb17239,16449,16494,16489,16514,16509,16504,16519&Prime; img_size=\u00a0\u00bb200&#215;200&Prime; onclick=\u00a0\u00bb\u00a0\u00bb][vc_column_text]<\/p>\n<h3>Dolomiti<\/h3>\n<p>[\/vc_column_text][vc_separator type=\u00a0\u00bbtransparent\u00a0\u00bb down=\u00a0\u00bb20&Prime;][vc_column_text]<\/p>\n<ul>\n<li>Rose blanche \u00e0 grande fleur unique<\/li>\n<li>Marjoland dispose de 1.6 hectares de cette rose plant\u00e9e en 2020<\/li>\n<\/ul>\n<p>[\/vc_column_text][vc_separator type=\u00a0\u00bbtransparent\u00a0\u00bb down=\u00a0\u00bb20&Prime;][\/vc_column_inner][vc_column_inner width=\u00a0\u00bb1\/5&Prime;][vc_gallery interval=\u00a0\u00bb0&Prime; images=\u00a0\u00bb17336,15522,15583,15805,16534,16524&Prime; img_size=\u00a0\u00bb200&#215;200&Prime;][vc_column_text]<\/p>\n<h3>Red Naomi<\/h3>\n<p>[\/vc_column_text][vc_separator type=\u00a0\u00bbtransparent\u00a0\u00bb down=\u00a0\u00bb20&Prime;][vc_column_text]<\/p>\n<ul>\n<li>Rose rouge \u00e0 grande fleur velout\u00e9e<\/li>\n<li>Beaucoup de p\u00e9tales<\/li>\n<li>Grande long\u00e9vit\u00e9 en vase<\/li>\n<li>Bonnes propri\u00e9t\u00e9s de transport<\/li>\n<li>Marjoland dispose de 13,5 hectares de cette rose plant\u00e9e en 2015\/2020\/2021<\/li>\n<\/ul>\n<p>[\/vc_column_text][vc_separator type=\u00a0\u00bbtransparent\u00a0\u00bb down=\u00a0\u00bb20&Prime;][\/vc_column_inner][vc_column_inner width=\u00a0\u00bb1\/5&Prime;][vc_gallery interval=\u00a0\u00bb0&Prime; images=\u00a0\u00bb17361,15521,15584,15804&Prime; img_size=\u00a0\u00bb200&#215;200&Prime; onclick=\u00a0\u00bb\u00a0\u00bb][vc_column_text]<\/p>\n<h3>Penny Lane<\/h3>\n<p>[\/vc_column_text][vc_separator type=\u00a0\u00bbtransparent\u00a0\u00bb down=\u00a0\u00bb20&Prime;][vc_column_text]<\/p>\n<ul>\n<li>Rose jaune \u00e0 grande fleur unique<\/li>\n<li>Marjoland dispose de 1 hectares de cette rose plant\u00e9e en 2018<\/li>\n<\/ul>\n<p>[\/vc_column_text][vc_separator type=\u00a0\u00bbtransparent\u00a0\u00bb down=\u00a0\u00bb20&Prime;][\/vc_column_inner][vc_column_inner width=\u00a0\u00bb1\/5&Prime;][vc_gallery interval=\u00a0\u00bb0&Prime; images=\u00a0\u00bb17294,16419,16415,16427,16484,16529&Prime; img_size=\u00a0\u00bb200&#215;200&Prime;][vc_column_text]<\/p>\n<h3>Jumilia<\/h3>\n<p>[\/vc_column_text][vc_separator type=\u00a0\u00bbtransparent\u00a0\u00bb down=\u00a0\u00bb1&Prime;][vc_column_text]<\/p>\n<ul>\n<li>Rose blanche et rose \u00e0 grandes fleurs<\/li>\n<li>Rose radieuse remarquable<\/li>\n<li>Grande long\u00e9vit\u00e9 en vase<\/li>\n<li>Marjoland dispose de 1,4 hectares de cette rose plant\u00e9e en 2019\/2024<\/li>\n<\/ul>\n<p>[\/vc_column_text][vc_separator type=\u00a0\u00bbtransparent\u00a0\u00bb down=\u00a0\u00bb20&Prime;][\/vc_column_inner][\/vc_row_inner][vc_row_inner row_type=\u00a0\u00bbrow\u00a0\u00bb type=\u00a0\u00bbfull_width\u00a0\u00bb text_align=\u00a0\u00bbleft\u00a0\u00bb css_animation=\u00a0\u00bb\u00a0\u00bb][vc_column_inner width=\u00a0\u00bb1\/5&Prime;][vc_gallery interval=\u00a0\u00bb0&Prime; images=\u00a0\u00bb17269,17274&Prime; img_size=\u00a0\u00bb200&#215;200&Prime; onclick=\u00a0\u00bb\u00a0\u00bb][vc_column_text]<\/p>\n<h3>Nayeli<\/h3>\n<p>[\/vc_column_text][vc_separator type=\u00a0\u00bbtransparent\u00a0\u00bb down=\u00a0\u00bb20&Prime;][vc_column_text]<\/p>\n<ul>\n<li>Marjoland dispose de 0.5 hectares de cette rose plant\u00e9e en 2023\/2024<\/li>\n<\/ul>\n<p>[\/vc_column_text][vc_separator type=\u00a0\u00bbtransparent\u00a0\u00bb down=\u00a0\u00bb20&Prime;][\/vc_column_inner][vc_column_inner width=\u00a0\u00bb1\/5&Prime;][vc_gallery interval=\u00a0\u00bb0&Prime; images=\u00a0\u00bb17249,17254&Prime; img_size=\u00a0\u00bb200&#215;200&Prime; onclick=\u00a0\u00bb\u00a0\u00bb][vc_column_text]<\/p>\n<h3>Bellini<\/h3>\n<p>[\/vc_column_text][vc_separator type=\u00a0\u00bbtransparent\u00a0\u00bb down=\u00a0\u00bb20&Prime;][vc_column_text]<\/p>\n<ul>\n<li>Marjoland dispose de 0.5 hectares de cette rose plant\u00e9e en 2023\/2024<\/li>\n<\/ul>\n<p>[\/vc_column_text][vc_separator type=\u00a0\u00bbtransparent\u00a0\u00bb down=\u00a0\u00bb20&Prime;][\/vc_column_inner][vc_column_inner width=\u00a0\u00bb1\/5&Prime;][vc_gallery interval=\u00a0\u00bb0&Prime; images=\u00a0\u00bb17677,17710,17716&Prime; img_size=\u00a0\u00bb200&#215;200&Prime;][vc_column_text]<\/p>\n<h3>Priscilla<\/h3>\n<p>[\/vc_column_text][vc_separator type=\u00a0\u00bbtransparent\u00a0\u00bb down=\u00a0\u00bb20&Prime;][vc_column_text]<\/p>\n<ul>\n<li>Marjoland dispose de 0.2 hectares de cette rose plant\u00e9e en 2024<\/li>\n<\/ul>\n<p>[\/vc_column_text][vc_separator type=\u00a0\u00bbtransparent\u00a0\u00bb down=\u00a0\u00bb20&Prime;][\/vc_column_inner][vc_column_inner width=\u00a0\u00bb1\/5&Prime;][vc_gallery interval=\u00a0\u00bb0&Prime; images=\u00a0\u00bb17695,17722&Prime; img_size=\u00a0\u00bb200&#215;200&Prime; onclick=\u00a0\u00bb\u00a0\u00bb][vc_column_text]<\/p>\n<h3>Xoch<\/h3>\n<p>[\/vc_column_text][vc_separator type=\u00a0\u00bbtransparent\u00a0\u00bb down=\u00a0\u00bb20&Prime;][vc_column_text]<\/p>\n<ul>\n<li>Marjoland dispose de 0.2 hectares de cette rose plant\u00e9e en 2024<\/li>\n<\/ul>\n<p>[\/vc_column_text][vc_separator type=\u00a0\u00bbtransparent\u00a0\u00bb down=\u00a0\u00bb20&Prime;][\/vc_column_inner][vc_column_inner width=\u00a0\u00bb1\/5&Prime;][vc_gallery interval=\u00a0\u00bb0&Prime; images=\u00a0\u00bb17701,17728&Prime; img_size=\u00a0\u00bb200&#215;200&Prime; onclick=\u00a0\u00bb\u00a0\u00bb][vc_column_text]<\/p>\n<h3>Novi<\/h3>\n<p>[\/vc_column_text][vc_separator type=\u00a0\u00bbtransparent\u00a0\u00bb down=\u00a0\u00bb20&Prime;][vc_column_text]<\/p>\n<ul>\n<li>Marjoland dispose de 0.2 hectares de cette rose plant\u00e9e en 2024<\/li>\n<\/ul>\n<p>[\/vc_column_text][vc_separator type=\u00a0\u00bbtransparent\u00a0\u00bb down=\u00a0\u00bb20&Prime;][\/vc_column_inner][\/vc_row_inner][\/vc_column][\/vc_row][vc_row css_animation=\u00a0\u00bb\u00a0\u00bb row_type=\u00a0\u00bbrow\u00a0\u00bb use_row_as_full_screen_section=\u00a0\u00bbno\u00a0\u00bb type=\u00a0\u00bbfull_width\u00a0\u00bb angled_section=\u00a0\u00bbno\u00a0\u00bb text_align=\u00a0\u00bbcenter\u00a0\u00bb background_image_as_pattern=\u00a0\u00bbwithout_pattern\u00a0\u00bb][vc_column][vc_separator type=\u00a0\u00bbtransparent\u00a0\u00bb up=\u00a0\u00bb30&Prime;]<a  itemprop=\"url\" href=\"http:\/\/www.marjoland.com\/fr\/contact\" target=\"_self\"  class=\"qbutton  small center white default\" style=\"\">contact<\/a>[vc_separator type=\u00a0\u00bbtransparent\u00a0\u00bb up=\u00a0\u00bb50&Prime;][\/vc_column][\/vc_row]<\/p>\n<\/div>","protected":false},"excerpt":{"rendered":"<p>[vc_row css_animation=\u00a0\u00bb\u00a0\u00bb row_type=\u00a0\u00bbrow\u00a0\u00bb use_row_as_full_screen_section=\u00a0\u00bbno\u00a0\u00bb type=\u00a0\u00bbfull_width\u00a0\u00bb angled_section=\u00a0\u00bbno\u00a0\u00bb text_align=\u00a0\u00bbleft\u00a0\u00bb background_image_as_pattern=\u00a0\u00bbwithout_pattern\u00a0\u00bb][vc_column][vc_column_text]Tous les jours, les rosiers de Marjoland sont vendus aux ench\u00e8res dans toutes les salles de vente aux Pays-Bas et \u00e0 Rhein-Maas en Allemagne. Chaque jour ouvrable les produits frais de Marjoland sont vendus \u00e0 des exportateurs et&#8230;<\/p>\n","protected":false},"author":1,"featured_media":0,"parent":0,"menu_order":0,"comment_status":"closed","ping_status":"closed","template":"","meta":{"footnotes":""},"class_list":["post-15655","page","type-page","status-publish","hentry"],"_links":{"self":[{"href":"https:\/\/www.marjoland.com\/fr\/wp-json\/wp\/v2\/pages\/15655","targetHints":{"allow":["GET"]}}],"collection":[{"href":"https:\/\/www.marjoland.com\/fr\/wp-json\/wp\/v2\/pages"}],"about":[{"href":"https:\/\/www.marjoland.com\/fr\/wp-json\/wp\/v2\/types\/page"}],"author":[{"embeddable":true,"href":"https:\/\/www.marjoland.com\/fr\/wp-json\/wp\/v2\/users\/1"}],"replies":[{"embeddable":true,"href":"https:\/\/www.marjoland.com\/fr\/wp-json\/wp\/v2\/comments?post=15655"}],"version-history":[{"count":52,"href":"https:\/\/www.marjoland.com\/fr\/wp-json\/wp\/v2\/pages\/15655\/revisions"}],"predecessor-version":[{"id":17760,"href":"https:\/\/www.marjoland.com\/fr\/wp-json\/wp\/v2\/pages\/15655\/revisions\/17760"}],"wp:attachment":[{"href":"https:\/\/www.marjoland.com\/fr\/wp-json\/wp\/v2\/media?parent=15655"}],"curies":[{"name":"wp","href":"https:\/\/api.w.org\/{rel}","templated":true}]}}