{"id":15646,"date":"2014-05-23T09:33:31","date_gmt":"2014-05-23T08:33:31","guid":{"rendered":"http:\/\/www.jibg.nl\/fr\/home\/"},"modified":"2025-07-08T16:25:47","modified_gmt":"2025-07-08T15:25:47","slug":"home-2","status":"publish","type":"page","link":"https:\/\/www.marjoland.com\/fr\/","title":{"rendered":"Home"},"content":{"rendered":"<div class=\"wpb-content-wrapper\"><p>[vc_row css_animation=\u00a0\u00bb\u00a0\u00bb row_type=\u00a0\u00bbrow\u00a0\u00bb use_row_as_full_screen_section=\u00a0\u00bbno\u00a0\u00bb type=\u00a0\u00bbfull_width\u00a0\u00bb angled_section=\u00a0\u00bbno\u00a0\u00bb text_align=\u00a0\u00bbleft\u00a0\u00bb background_image_as_pattern=\u00a0\u00bbwithout_pattern\u00a0\u00bb][vc_column]<div class=\"call_to_action normal\" style=\"background-color: #cecece;padding-top: 69px;padding-bottom: 69px;\"><div class=\"container_inner\"><div class=\"text_wrapper \"><div class=\"call_to_action_text \" style=\"\">Fiable toute l&rsquo;ann\u00e9e.<\/p>\n<p>9 vari\u00e9t\u00e9s de roses sont cultiv\u00e9es avec passion sur une superficie de 20 hectares. L\u2019entreprise familiale combine avec excellence sa longue exp\u00e9rience et l\u2019esprit innovateur. En faisant appel \u00e0 son propre bureau de travail int\u00e9rimaire, Marjoland garde la gestion du personnel en interne. Gr\u00e2ce \u00e0 la d\u00e9dicace des collaborateurs et \u00e0 la diversit\u00e9 des possibilit\u00e9s logistiques, l\u2019entreprise peut emballer et fournir ses beaux rosiers de plusieurs fa\u00e7ons en fonction des souhaits du client.<\/div><\/div><\/div><\/div>[\/vc_column][\/vc_row][vc_row css_animation=\u00a0\u00bb\u00a0\u00bb row_type=\u00a0\u00bbrow\u00a0\u00bb use_row_as_full_screen_section=\u00a0\u00bbno\u00a0\u00bb type=\u00a0\u00bbgrid\u00a0\u00bb angled_section=\u00a0\u00bbno\u00a0\u00bb text_align=\u00a0\u00bbleft\u00a0\u00bb background_image_as_pattern=\u00a0\u00bbwithout_pattern\u00a0\u00bb background_color=\u00a0\u00bb#f8f8f8&Prime; padding_top=\u00a0\u00bb71&Prime; padding_bottom=\u00a0\u00bb70&Prime;][vc_column][vc_column_text]<\/p>\n<h2 style=\"text-align: center;\">Nos rosiers<\/h2>\n<p>[\/vc_column_text][vc_separator type=\u00a0\u00bbsmall\u00a0\u00bb position=\u00a0\u00bbcenter\u00a0\u00bb up=\u00a0\u00bb24&Prime; down=\u00a0\u00bb61&Prime;][vc_row_inner row_type=\u00a0\u00bbrow\u00a0\u00bb type=\u00a0\u00bbfull_width\u00a0\u00bb text_align=\u00a0\u00bbcenter\u00a0\u00bb css_animation=\u00a0\u00bb\u00a0\u00bb][vc_column_inner width=\u00a0\u00bb1\/5&Prime;][vc_separator type=\u00a0\u00bbtransparent\u00a0\u00bb up=\u00a0\u00bb47&Prime; down=\u00a0\u00bb0&Prime;][vc_single_image image=\u00a0\u00bb17341&Prime; img_size=\u00a0\u00bb200&#215;200&Prime; alignment=\u00a0\u00bbcenter\u00a0\u00bb onclick=\u00a0\u00bbcustom_link\u00a0\u00bb qode_css_animation=\u00a0\u00bbelement_from_fade\u00a0\u00bb transition_delay=\u00a0\u00bb0.2&Prime; img_link=\u00a0\u00bb\u00a0\u00bb link=\u00a0\u00bbhttp:\/\/www.marjoland.com\/fr\/nos-rosiers\/\u00a0\u00bb][vc_separator type=\u00a0\u00bbtransparent\u00a0\u00bb up=\u00a0\u00bb29&Prime; down=\u00a0\u00bb0&Prime;][vc_column_text]<\/p>\n<h6 style=\"text-align: center;\"><a href=\"http:\/\/www.marjoland.com\/fr\/nos-rosiers\/\">Sweet Dolomiti<\/a><\/h6>\n<p>[\/vc_column_text][\/vc_column_inner][vc_column_inner width=\u00a0\u00bb1\/5&Prime;][vc_separator type=\u00a0\u00bbtransparent\u00a0\u00bb up=\u00a0\u00bb47&Prime; down=\u00a0\u00bb0&Prime;][vc_single_image image=\u00a0\u00bb17239&Prime; img_size=\u00a0\u00bb200&#215;200&Prime; alignment=\u00a0\u00bbcenter\u00a0\u00bb onclick=\u00a0\u00bbcustom_link\u00a0\u00bb qode_css_animation=\u00a0\u00bbelement_from_fade\u00a0\u00bb transition_delay=\u00a0\u00bb0.4&Prime; img_link=\u00a0\u00bb\u00a0\u00bb link=\u00a0\u00bbhttp:\/\/www.marjoland.com\/fr\/nos-rosiers\/\u00a0\u00bb][vc_separator type=\u00a0\u00bbtransparent\u00a0\u00bb up=\u00a0\u00bb29&Prime; down=\u00a0\u00bb0&Prime;][vc_column_text]<\/p>\n<h6 style=\"text-align: center;\"><a href=\"http:\/\/www.marjoland.com\/fr\/nos-rosiers\/\">Dolomiti<\/a><\/h6>\n<p>[\/vc_column_text][\/vc_column_inner][vc_column_inner width=\u00a0\u00bb1\/5&Prime;][vc_separator type=\u00a0\u00bbtransparent\u00a0\u00bb up=\u00a0\u00bb47&Prime; down=\u00a0\u00bb0&Prime;][vc_single_image image=\u00a0\u00bb17336&Prime; img_size=\u00a0\u00bb200&#215;200&Prime; alignment=\u00a0\u00bbcenter\u00a0\u00bb onclick=\u00a0\u00bbcustom_link\u00a0\u00bb qode_css_animation=\u00a0\u00bbelement_from_fade\u00a0\u00bb transition_delay=\u00a0\u00bb0.6&Prime; img_link=\u00a0\u00bb\u00a0\u00bb link=\u00a0\u00bbhttp:\/\/www.marjoland.com\/fr\/nos-rosiers\/\u00a0\u00bb][vc_separator type=\u00a0\u00bbtransparent\u00a0\u00bb up=\u00a0\u00bb29&Prime; down=\u00a0\u00bb0&Prime;][vc_column_text]<\/p>\n<h6 style=\"text-align: center;\"><a href=\"http:\/\/www.marjoland.com\/fr\/nos-rosiers\/\">Red Naomi<\/a><\/h6>\n<p>[\/vc_column_text][\/vc_column_inner][vc_column_inner width=\u00a0\u00bb1\/5&Prime;][vc_separator type=\u00a0\u00bbtransparent\u00a0\u00bb up=\u00a0\u00bb47&Prime; down=\u00a0\u00bb0&Prime;][vc_single_image image=\u00a0\u00bb17331&Prime; img_size=\u00a0\u00bb200&#215;200&Prime; alignment=\u00a0\u00bbcenter\u00a0\u00bb onclick=\u00a0\u00bbcustom_link\u00a0\u00bb qode_css_animation=\u00a0\u00bbelement_from_fade\u00a0\u00bb transition_delay=\u00a0\u00bb1.0&Prime; img_link=\u00a0\u00bb\u00a0\u00bb link=\u00a0\u00bbhttp:\/\/www.marjoland.com\/fr\/nos-rosiers\/\u00a0\u00bb][vc_separator type=\u00a0\u00bbtransparent\u00a0\u00bb up=\u00a0\u00bb29&Prime; down=\u00a0\u00bb0&Prime;][vc_column_text]<\/p>\n<h6 style=\"text-align: center;\"><a href=\"http:\/\/www.marjoland.com\/fr\/nos-rosiers\/\">Penny Lane<\/a><\/h6>\n<p>[\/vc_column_text][\/vc_column_inner][vc_column_inner width=\u00a0\u00bb1\/5&Prime;][vc_separator type=\u00a0\u00bbtransparent\u00a0\u00bb up=\u00a0\u00bb47&Prime; down=\u00a0\u00bb0&Prime;][vc_single_image image=\u00a0\u00bb17294&Prime; img_size=\u00a0\u00bb200&#215;200&Prime; alignment=\u00a0\u00bbcenter\u00a0\u00bb onclick=\u00a0\u00bbcustom_link\u00a0\u00bb qode_css_animation=\u00a0\u00bbelement_from_fade\u00a0\u00bb transition_delay=\u00a0\u00bb1.2&Prime; link=\u00a0\u00bbhttp:\/\/www.marjoland.com\/fr\/nos-rosiers\/\u00a0\u00bb][vc_separator type=\u00a0\u00bbtransparent\u00a0\u00bb up=\u00a0\u00bb29&Prime; down=\u00a0\u00bb0&Prime;][vc_column_text]<\/p>\n<h6 style=\"text-align: center;\"><a href=\"http:\/\/www.marjoland.com\/fr\/nos-rosiers\/\">Jumilia<\/a><\/h6>\n<p>[\/vc_column_text][\/vc_column_inner][\/vc_row_inner][vc_row_inner row_type=\u00a0\u00bbrow\u00a0\u00bb type=\u00a0\u00bbfull_width\u00a0\u00bb text_align=\u00a0\u00bbcenter\u00a0\u00bb css_animation=\u00a0\u00bb\u00a0\u00bb][vc_column_inner width=\u00a0\u00bb1\/5&Prime;][vc_separator type=\u00a0\u00bbtransparent\u00a0\u00bb up=\u00a0\u00bb47&Prime; down=\u00a0\u00bb0&Prime;][vc_single_image image=\u00a0\u00bb17269&Prime; img_size=\u00a0\u00bb200&#215;200&Prime; alignment=\u00a0\u00bbcenter\u00a0\u00bb onclick=\u00a0\u00bbcustom_link\u00a0\u00bb qode_css_animation=\u00a0\u00bbelement_from_fade\u00a0\u00bb transition_delay=\u00a0\u00bb0.2&Prime; img_link=\u00a0\u00bb\u00a0\u00bb link=\u00a0\u00bbhttp:\/\/www.marjoland.com\/fr\/nos-rosiers\/\u00a0\u00bb][vc_separator type=\u00a0\u00bbtransparent\u00a0\u00bb up=\u00a0\u00bb29&Prime; down=\u00a0\u00bb0&Prime;][vc_column_text]<\/p>\n<h6 style=\"text-align: center;\"><a href=\"http:\/\/www.marjoland.com\/fr\/nos-rosiers\/\">Nayeli<\/a><\/h6>\n<p>[\/vc_column_text][\/vc_column_inner][vc_column_inner width=\u00a0\u00bb1\/5&Prime;][vc_separator type=\u00a0\u00bbtransparent\u00a0\u00bb up=\u00a0\u00bb47&Prime; down=\u00a0\u00bb0&Prime;][vc_single_image image=\u00a0\u00bb17249&Prime; img_size=\u00a0\u00bb200&#215;200&Prime; alignment=\u00a0\u00bbcenter\u00a0\u00bb onclick=\u00a0\u00bbcustom_link\u00a0\u00bb qode_css_animation=\u00a0\u00bbelement_from_fade\u00a0\u00bb transition_delay=\u00a0\u00bb0.4&Prime; img_link=\u00a0\u00bb\u00a0\u00bb link=\u00a0\u00bbhttp:\/\/www.marjoland.com\/fr\/nos-rosiers\/\u00a0\u00bb][vc_separator type=\u00a0\u00bbtransparent\u00a0\u00bb up=\u00a0\u00bb29&Prime; down=\u00a0\u00bb0&Prime;][vc_column_text]<\/p>\n<h6 style=\"text-align: center;\"><a href=\"http:\/\/www.marjoland.com\/fr\/nos-rosiers\/\">Bellini<\/a><\/h6>\n<p>[\/vc_column_text][\/vc_column_inner][vc_column_inner width=\u00a0\u00bb1\/5&Prime;][vc_separator type=\u00a0\u00bbtransparent\u00a0\u00bb up=\u00a0\u00bb47&Prime; down=\u00a0\u00bb0&Prime;][vc_single_image image=\u00a0\u00bb17677&Prime; img_size=\u00a0\u00bb200&#215;200&Prime; alignment=\u00a0\u00bbcenter\u00a0\u00bb onclick=\u00a0\u00bbcustom_link\u00a0\u00bb qode_css_animation=\u00a0\u00bbelement_from_fade\u00a0\u00bb transition_delay=\u00a0\u00bb0.6&Prime; img_link=\u00a0\u00bb\u00a0\u00bb link=\u00a0\u00bbhttp:\/\/www.marjoland.com\/fr\/nos-rosiers\/\u00a0\u00bb][vc_separator type=\u00a0\u00bbtransparent\u00a0\u00bb up=\u00a0\u00bb29&Prime; down=\u00a0\u00bb0&Prime;][vc_column_text]<\/p>\n<h6 style=\"text-align: center;\"><a href=\"http:\/\/www.marjoland.com\/fr\/nos-rosiers\/\">Priscilla<\/a><\/h6>\n<p>[\/vc_column_text][\/vc_column_inner][vc_column_inner width=\u00a0\u00bb1\/5&Prime;][vc_separator type=\u00a0\u00bbtransparent\u00a0\u00bb up=\u00a0\u00bb47&Prime; down=\u00a0\u00bb0&Prime;][vc_single_image image=\u00a0\u00bb17695&Prime; img_size=\u00a0\u00bb200&#215;200&Prime; alignment=\u00a0\u00bbcenter\u00a0\u00bb onclick=\u00a0\u00bbcustom_link\u00a0\u00bb qode_css_animation=\u00a0\u00bbelement_from_fade\u00a0\u00bb transition_delay=\u00a0\u00bb1.0&Prime; img_link=\u00a0\u00bb\u00a0\u00bb link=\u00a0\u00bbhttp:\/\/www.marjoland.com\/fr\/nos-rosiers\/\u00a0\u00bb][vc_separator type=\u00a0\u00bbtransparent\u00a0\u00bb up=\u00a0\u00bb29&Prime; down=\u00a0\u00bb0&Prime;][vc_column_text]<\/p>\n<h6 style=\"text-align: center;\"><a href=\"http:\/\/www.marjoland.com\/fr\/nos-rosiers\/\">Xoch<\/a><\/h6>\n<p>[\/vc_column_text][\/vc_column_inner][vc_column_inner width=\u00a0\u00bb1\/5&Prime;][vc_separator type=\u00a0\u00bbtransparent\u00a0\u00bb up=\u00a0\u00bb47&Prime; down=\u00a0\u00bb0&Prime;][vc_single_image image=\u00a0\u00bb17701&Prime; img_size=\u00a0\u00bb200&#215;200&Prime; alignment=\u00a0\u00bbcenter\u00a0\u00bb onclick=\u00a0\u00bbcustom_link\u00a0\u00bb qode_css_animation=\u00a0\u00bbelement_from_fade\u00a0\u00bb transition_delay=\u00a0\u00bb1.0&Prime; img_link=\u00a0\u00bb\u00a0\u00bb link=\u00a0\u00bbhttp:\/\/www.marjoland.com\/fr\/nos-rosiers\/\u00a0\u00bb][vc_separator type=\u00a0\u00bbtransparent\u00a0\u00bb up=\u00a0\u00bb29&Prime; down=\u00a0\u00bb0&Prime;][vc_column_text]<\/p>\n<h6 style=\"text-align: center;\"><a href=\"http:\/\/www.marjoland.com\/fr\/nos-rosiers\/\">Novi<\/a><\/h6>\n<p>[\/vc_column_text][\/vc_column_inner][\/vc_row_inner][\/vc_column][\/vc_row][vc_row row_type=\u00a0\u00bbparallax\u00a0\u00bb parallax_content_width=\u00a0\u00bbin_grid\u00a0\u00bb text_align=\u00a0\u00bbleft\u00a0\u00bb full_screen_section_height=\u00a0\u00bbyes\u00a0\u00bb background_image=\u00a0\u00bb17899&Prime; css=\u00a0\u00bb.vc_custom_1751988342162{margin-right: 5px !important;margin-left: 5px !important;}\u00a0\u00bb][vc_column][vc_separator type=\u00a0\u00bbtransparent\u00a0\u00bb up=\u00a0\u00bb110&Prime; down=\u00a0\u00bb0&Prime;][vc_row_inner row_type=\u00a0\u00bbrow\u00a0\u00bb type=\u00a0\u00bbfull_width\u00a0\u00bb text_align=\u00a0\u00bbleft\u00a0\u00bb css_animation=\u00a0\u00bb\u00a0\u00bb][vc_column_inner width=\u00a0\u00bb1\/2&Prime;]<br \/>\n[\/vc_column_inner][vc_column_inner width=\u00a0\u00bb1\/2&Prime;][vc_column_text]<\/p>\n<h2 style=\"text-align: left;\"><span style=\"color: #ffffff; text-shadow: 2px 2px 4px #000000;\">Entreprise familiale <\/span><\/h2>\n<p>[\/vc_column_text][vc_separator type=\u00a0\u00bbsmall\u00a0\u00bb position=\u00a0\u00bbleft\u00a0\u00bb color=\u00a0\u00bb#ffffff\u00a0\u00bb up=\u00a0\u00bb19&Prime; down=\u00a0\u00bb30&Prime;][vc_column_text]<strong><span style=\"color: #ffffff; text-shadow: 2px 2px 4px #000000;\">Derri\u00e8re Marjoland se cache la famille van den Nouweland. Ils s\u2019occupent du d\u00e9veloppement de l\u2019entreprise. Ensemble avec les collaborateurs de Marjoland la famille van den Nouweland vise \u00e0 cr\u00e9er une bonne atmosph\u00e8re de travail, dans laquelle les normes et valeurs solides que la famille d\u00e9fend, sont un \u00e9l\u00e9ment essentiel.<\/span><\/strong>[\/vc_column_text][vc_separator type=\u00a0\u00bbtransparent\u00a0\u00bb up=\u00a0\u00bb22&Prime; down=\u00a0\u00bb0&Prime;][vc_separator type=\u00a0\u00bbtransparent\u00a0\u00bb up=\u00a0\u00bb80&Prime; down=\u00a0\u00bb0&Prime;][\/vc_column_inner][\/vc_row_inner][\/vc_column][\/vc_row][vc_row css_animation=\u00a0\u00bb\u00a0\u00bb row_type=\u00a0\u00bbrow\u00a0\u00bb use_row_as_full_screen_section=\u00a0\u00bbno\u00a0\u00bb type=\u00a0\u00bbgrid\u00a0\u00bb angled_section=\u00a0\u00bbno\u00a0\u00bb text_align=\u00a0\u00bbleft\u00a0\u00bb background_image_as_pattern=\u00a0\u00bbwithout_pattern\u00a0\u00bb background_color=\u00a0\u00bb#ffffff\u00a0\u00bb padding_top=\u00a0\u00bb74&Prime; padding_bottom=\u00a0\u00bb46&Prime;][vc_column][vc_column_text]<\/p>\n<h2 style=\"text-align: center;\">Marjoland<\/h2>\n<p>[\/vc_column_text][vc_separator type=\u00a0\u00bbsmall\u00a0\u00bb position=\u00a0\u00bbcenter\u00a0\u00bb up=\u00a0\u00bb24&Prime; down=\u00a0\u00bb61&Prime;][vc_row_inner row_type=\u00a0\u00bbrow\u00a0\u00bb type=\u00a0\u00bbfull_width\u00a0\u00bb text_align=\u00a0\u00bbleft\u00a0\u00bb css_animation=\u00a0\u00bb\u00a0\u00bb][vc_column_inner width=\u00a0\u00bb1\/4&Prime;][vc_single_image image=\u00a0\u00bb15944&Prime; img_size=\u00a0\u00bb500&#215;280&Prime; alignment=\u00a0\u00bbcenter\u00a0\u00bb style=\u00a0\u00bbvc_box_shadow\u00a0\u00bb onclick=\u00a0\u00bbcustom_link\u00a0\u00bb qode_css_animation=\u00a0\u00bb\u00a0\u00bb transition_delay=\u00a0\u00bb0.2&Prime; link=\u00a0\u00bbhttp:\/\/www.marjoland.com\/fr\/marjoland\/\u00a0\u00bb][vc_separator type=\u00a0\u00bbtransparent\u00a0\u00bb up=\u00a0\u00bb33&Prime; down=\u00a0\u00bb0&Prime;][vc_column_text]<\/p>\n<h6 style=\"text-align: center;\"><a href=\"http:\/\/www.marjoland.com\/fr\/marjoland\/\">Processus de production<\/a><\/h6>\n<p>[\/vc_column_text][vc_separator type=\u00a0\u00bbtransparent\u00a0\u00bb up=\u00a0\u00bb33&Prime; down=\u00a0\u00bb0&Prime;][\/vc_column_inner][vc_column_inner width=\u00a0\u00bb1\/4&Prime;][vc_single_image image=\u00a0\u00bb15508&Prime; img_size=\u00a0\u00bb500&#215;280&Prime; alignment=\u00a0\u00bbcenter\u00a0\u00bb style=\u00a0\u00bbvc_box_shadow\u00a0\u00bb onclick=\u00a0\u00bbcustom_link\u00a0\u00bb qode_css_animation=\u00a0\u00bb\u00a0\u00bb transition_delay=\u00a0\u00bb0.4&Prime; link=\u00a0\u00bbhttp:\/\/www.marjoland.com\/fr\/marjoland\/\u00a0\u00bb][vc_separator type=\u00a0\u00bbtransparent\u00a0\u00bb up=\u00a0\u00bb33&Prime; down=\u00a0\u00bb0&Prime;][vc_column_text]<\/p>\n<h6 style=\"text-align: center;\"><span style=\"color: #000000;\"><a href=\"http:\/\/www.marjoland.com\/fr\/marjoland\/\">MPS et Global G.A.P, Certification<\/a><\/span><\/h6>\n<p>[\/vc_column_text][vc_separator type=\u00a0\u00bbtransparent\u00a0\u00bb up=\u00a0\u00bb33&Prime; down=\u00a0\u00bb0&Prime;][\/vc_column_inner][vc_column_inner width=\u00a0\u00bb1\/4&Prime;][vc_single_image image=\u00a0\u00bb15473&Prime; img_size=\u00a0\u00bb500&#215;280&Prime; alignment=\u00a0\u00bbcenter\u00a0\u00bb style=\u00a0\u00bbvc_box_shadow\u00a0\u00bb onclick=\u00a0\u00bbcustom_link\u00a0\u00bb qode_css_animation=\u00a0\u00bb\u00a0\u00bb transition_delay=\u00a0\u00bb0.6&Prime; link=\u00a0\u00bbhttp:\/\/www.marjoland.com\/fr\/marjoland\/\u00a0\u00bb][vc_separator type=\u00a0\u00bbtransparent\u00a0\u00bb up=\u00a0\u00bb33&Prime; down=\u00a0\u00bb0&Prime;][vc_column_text]<\/p>\n<h6 style=\"text-align: center;\"><a href=\"http:\/\/www.marjoland.com\/fr\/marjoland\/\">Esprit de service<\/a><\/h6>\n<p>[\/vc_column_text][vc_separator type=\u00a0\u00bbtransparent\u00a0\u00bb up=\u00a0\u00bb33&Prime; down=\u00a0\u00bb0&Prime;][\/vc_column_inner][vc_column_inner width=\u00a0\u00bb1\/4&Prime;][vc_single_image image=\u00a0\u00bb15474&Prime; img_size=\u00a0\u00bb500&#215;280&Prime; alignment=\u00a0\u00bbcenter\u00a0\u00bb style=\u00a0\u00bbvc_box_shadow\u00a0\u00bb onclick=\u00a0\u00bbcustom_link\u00a0\u00bb qode_css_animation=\u00a0\u00bb\u00a0\u00bb transition_delay=\u00a0\u00bb.8&Prime; link=\u00a0\u00bbhttp:\/\/www.marjoland.com\/fr\/marjoland\/\u00a0\u00bb][vc_separator type=\u00a0\u00bbtransparent\u00a0\u00bb up=\u00a0\u00bb33&Prime; down=\u00a0\u00bb0&Prime;][vc_column_text]<\/p>\n<h6 style=\"text-align: center;\"><a href=\"http:\/\/www.marjoland.com\/fr\/marjoland\/\">Histoire<\/a><\/h6>\n<p>[\/vc_column_text][vc_separator type=\u00a0\u00bbtransparent\u00a0\u00bb up=\u00a0\u00bb33&Prime; down=\u00a0\u00bb0&Prime;][\/vc_column_inner][\/vc_row_inner][vc_separator type=\u00a0\u00bbtransparent\u00a0\u00bb up=\u00a0\u00bb24&Prime; down=\u00a0\u00bb61&Prime;][\/vc_column][\/vc_row][vc_row css_animation=\u00a0\u00bb\u00a0\u00bb row_type=\u00a0\u00bbrow\u00a0\u00bb use_row_as_full_screen_section=\u00a0\u00bbno\u00a0\u00bb type=\u00a0\u00bbgrid\u00a0\u00bb angled_section=\u00a0\u00bbno\u00a0\u00bb text_align=\u00a0\u00bbleft\u00a0\u00bb background_image_as_pattern=\u00a0\u00bbwithout_pattern\u00a0\u00bb background_color=\u00a0\u00bb#f8f8f8&Prime; padding_top=\u00a0\u00bb89&Prime; padding_bottom=\u00a0\u00bb82&Prime;][vc_column][vc_column_text]<\/p>\n<h2 style=\"text-align: center;\">Suivez-nous<\/h2>\n<p>[\/vc_column_text][vc_separator type=\u00a0\u00bbsmall\u00a0\u00bb position=\u00a0\u00bbcenter\u00a0\u00bb up=\u00a0\u00bb24&Prime; down=\u00a0\u00bb61&Prime;][qode_circles columns=\u00a0\u00bbfour_columns\u00a0\u00bb circle_line=\u00a0\u00bbno_line\u00a0\u00bb][qode_circle type=\u00a0\u00bbicon_type\u00a0\u00bb icon=\u00a0\u00bbfa-facebook\u00a0\u00bb size=\u00a0\u00bbfa-4x\u00a0\u00bb link_target=\u00a0\u00bb_blank\u00a0\u00bb title_tag=\u00a0\u00bbh6&Prime; background_color=\u00a0\u00bb#005637&Prime; title=\u00a0\u00bbFacebook\u00a0\u00bb text=\u00a0\u00bbDevenir ami sur Facebook\u00a0\u00bb link=\u00a0\u00bbhttps:\/\/www.facebook.com\/danielvandennouweland.marjoland\u00a0\u00bb icon_color=\u00a0\u00bb#f8f8f8&Prime;][qode_circle type=\u00a0\u00bbicon_type\u00a0\u00bb icon=\u00a0\u00bbfa-google-plus\u00a0\u00bb size=\u00a0\u00bbfa-4x\u00a0\u00bb link_target=\u00a0\u00bb_blank\u00a0\u00bb title_tag=\u00a0\u00bbh6&Prime; background_color=\u00a0\u00bb#005637&Prime; title=\u00a0\u00bbGoogle+\u00a0\u00bb text=\u00a0\u00bbNous suivre via Google+\u00a0\u00bb icon_color=\u00a0\u00bb#ffffff\u00a0\u00bb link=\u00a0\u00bbhttps:\/\/plus.google.com\/114093734102990908001\/about\u00a0\u00bb][qode_circle type=\u00a0\u00bbicon_type\u00a0\u00bb icon=\u00a0\u00bbfa-instagram\u00a0\u00bb size=\u00a0\u00bbfa-4x\u00a0\u00bb link_target=\u00a0\u00bb_blank\u00a0\u00bb title_tag=\u00a0\u00bbh6&Prime; background_color=\u00a0\u00bb#005637&Prime; title=\u00a0\u00bbInstagram\u00a0\u00bb text=\u00a0\u00bbSuis nous sur Instagram\u00a0\u00bb icon_color=\u00a0\u00bb#ffffff\u00a0\u00bb link=\u00a0\u00bbhttps:\/\/www.instagram.com\/marjoland_roses\/\u00a0\u00bb][qode_circle type=\u00a0\u00bbicon_type\u00a0\u00bb icon=\u00a0\u00bbfa-pinterest\u00a0\u00bb size=\u00a0\u00bbfa-4x\u00a0\u00bb link_target=\u00a0\u00bb_blank\u00a0\u00bb title_tag=\u00a0\u00bbh6&Prime; background_color=\u00a0\u00bb#005637&Prime; title=\u00a0\u00bbPinterest\u00a0\u00bb text=\u00a0\u00bbPinner sur Pinterest\u00a0\u00bb icon_color=\u00a0\u00bb#ffffff\u00a0\u00bb link=\u00a0\u00bbhttps:\/\/nl.pinterest.com\/amarjoland\/marjoland-roses\/\u00a0\u00bb][\/qode_circles][vc_separator type=\u00a0\u00bbtransparent\u00a0\u00bb up=\u00a0\u00bb22&Prime; down=\u00a0\u00bb0&Prime;][\/vc_column][\/vc_row]<\/p>\n<\/div>","protected":false},"excerpt":{"rendered":"<p>[vc_row css_animation=\u00a0\u00bb\u00a0\u00bb row_type=\u00a0\u00bbrow\u00a0\u00bb use_row_as_full_screen_section=\u00a0\u00bbno\u00a0\u00bb type=\u00a0\u00bbfull_width\u00a0\u00bb angled_section=\u00a0\u00bbno\u00a0\u00bb text_align=\u00a0\u00bbleft\u00a0\u00bb background_image_as_pattern=\u00a0\u00bbwithout_pattern\u00a0\u00bb][vc_column][\/vc_column][\/vc_row][vc_row css_animation=\u00a0\u00bb\u00a0\u00bb row_type=\u00a0\u00bbrow\u00a0\u00bb use_row_as_full_screen_section=\u00a0\u00bbno\u00a0\u00bb type=\u00a0\u00bbgrid\u00a0\u00bb angled_section=\u00a0\u00bbno\u00a0\u00bb text_align=\u00a0\u00bbleft\u00a0\u00bb background_image_as_pattern=\u00a0\u00bbwithout_pattern\u00a0\u00bb background_color=\u00a0\u00bb#f8f8f8&Prime; padding_top=\u00a0\u00bb71&Prime; padding_bottom=\u00a0\u00bb70&Prime;][vc_column][vc_column_text] Nos rosiers [\/vc_column_text][vc_separator type=\u00a0\u00bbsmall\u00a0\u00bb position=\u00a0\u00bbcenter\u00a0\u00bb up=\u00a0\u00bb24&Prime; down=\u00a0\u00bb61&Prime;][vc_row_inner row_type=\u00a0\u00bbrow\u00a0\u00bb type=\u00a0\u00bbfull_width\u00a0\u00bb text_align=\u00a0\u00bbcenter\u00a0\u00bb css_animation=\u00a0\u00bb\u00a0\u00bb][vc_column_inner width=\u00a0\u00bb1\/5&Prime;][vc_separator type=\u00a0\u00bbtransparent\u00a0\u00bb up=\u00a0\u00bb47&Prime; down=\u00a0\u00bb0&Prime;][vc_single_image image=\u00a0\u00bb17341&Prime; img_size=\u00a0\u00bb200&#215;200&Prime; alignment=\u00a0\u00bbcenter\u00a0\u00bb onclick=\u00a0\u00bbcustom_link\u00a0\u00bb qode_css_animation=\u00a0\u00bbelement_from_fade\u00a0\u00bb transition_delay=\u00a0\u00bb0.2&Prime; img_link=\u00a0\u00bb\u00a0\u00bb link=\u00a0\u00bbhttp:\/\/www.marjoland.com\/fr\/nos-rosiers\/\u00a0\u00bb][vc_separator type=\u00a0\u00bbtransparent\u00a0\u00bb up=\u00a0\u00bb29&Prime; down=\u00a0\u00bb0&Prime;][vc_column_text] Sweet&#8230;<\/p>\n","protected":false},"author":1,"featured_media":0,"parent":0,"menu_order":0,"comment_status":"closed","ping_status":"closed","template":"full_width.php","meta":{"footnotes":""},"class_list":["post-15646","page","type-page","status-publish","hentry"],"_links":{"self":[{"href":"https:\/\/www.marjoland.com\/fr\/wp-json\/wp\/v2\/pages\/15646","targetHints":{"allow":["GET"]}}],"collection":[{"href":"https:\/\/www.marjoland.com\/fr\/wp-json\/wp\/v2\/pages"}],"about":[{"href":"https:\/\/www.marjoland.com\/fr\/wp-json\/wp\/v2\/types\/page"}],"author":[{"embeddable":true,"href":"https:\/\/www.marjoland.com\/fr\/wp-json\/wp\/v2\/users\/1"}],"replies":[{"embeddable":true,"href":"https:\/\/www.marjoland.com\/fr\/wp-json\/wp\/v2\/comments?post=15646"}],"version-history":[{"count":20,"href":"https:\/\/www.marjoland.com\/fr\/wp-json\/wp\/v2\/pages\/15646\/revisions"}],"predecessor-version":[{"id":17902,"href":"https:\/\/www.marjoland.com\/fr\/wp-json\/wp\/v2\/pages\/15646\/revisions\/17902"}],"wp:attachment":[{"href":"https:\/\/www.marjoland.com\/fr\/wp-json\/wp\/v2\/media?parent=15646"}],"curies":[{"name":"wp","href":"https:\/\/api.w.org\/{rel}","templated":true}]}}