{"id":15660,"date":"2015-05-26T09:57:38","date_gmt":"2015-05-26T08:57:38","guid":{"rendered":"http:\/\/www.jibg.nl\/de\/over-marjoland\/"},"modified":"2020-11-24T14:10:17","modified_gmt":"2020-11-24T13:10:17","slug":"uber-marjoland","status":"publish","type":"page","link":"https:\/\/www.marjoland.com\/de\/uber-marjoland\/","title":{"rendered":"Marjoland"},"content":{"rendered":"<div class=\"wpb-content-wrapper\"><p>[vc_row css_animation=&#8220;&#8220; row_type=&#8220;row&#8220; use_row_as_full_screen_section=&#8220;no&#8220; type=&#8220;grid&#8220; angled_section=&#8220;no&#8220; text_align=&#8220;left&#8220; background_image_as_pattern=&#8220;without_pattern&#8220; background_color=&#8220;#f8f8f8&#8243; padding_top=&#8220;70&#8243; padding_bottom=&#8220;40&#8243; el_id=&#8220;service&#8220;][vc_column width=&#8220;2\/3&#8243;][vc_column_text]<\/p>\n<h2 style=\"text-align: left;\">Service<\/h2>\n<p>[\/vc_column_text][vc_separator type=&#8220;small&#8220; position=&#8220;left&#8220; up=&#8220;24&#8243; down=&#8220;33&#8243;][vc_column_text]Marjoland strebt nach einer optimalen Zusammenarbeit mit Kunden und Abnehmern und versteigert seine Produkte t\u00e4glich an der Versteigerungsuhr auf allen Flora Holland-Standorten in den Niederlanden, in Deutschland auf der Rhein-Maas-Versteigerung sowie auf dem Plantion Ede. Auch \u00fcber Connect werden diese Versteigerungen beliefert. Au\u00dferdem gibt es den Tagestransport nach Aalsmeer, Naalswijk und Rijnsburg. Mehr Informationen erhalten Sie bei unserer Verkaufsabteilung. Bei Marjoland stehen Ihnen verschiedene Bestellm\u00f6glichkeiten zur Verf\u00fcgung<\/p>\n<ul>\n<li>Telefon<\/li>\n<li>Versteigerungsuhr<\/li>\n<li>VMP-Verkn\u00fcpfung mit Ihrem Webshop<\/li>\n<li>E-mail<\/li>\n<\/ul>\n<p>[\/vc_column_text][vc_separator type=&#8220;transparent&#8220; up=&#8220;14&#8243; down=&#8220;0&#8243;][vc_column_text]Die VMP-Verkn\u00fcpfung dient dazu, die digitale Kommunikation zwischen Marjoland und Exportunternehmen zu vereinfachen und besseren Service und Ma\u00dfarbeit anbieten zu k\u00f6nnen. Die Verkn\u00fcpfung, die Sie mit Ihrem Webshop erstellen k\u00f6nnen, bietet Ihnen die M\u00f6glichkeit, direkt aus unserem Lagerbestand zu kaufen. Das hat verschiedene Vorteile: Es vereinfacht die Betriebsprozesse an beiden Seiten, manuelle Eingabefehler werden verhindert und der Einkauf erfolgt entsprechend des Bedarfs, sodass Sie nicht auf Vorr\u00e4ten sitzen bleiben. Aufgrund der flexiblen \u00d6ffnungszeiten steht Ihnen das Angebot nahezu 24 Stunden am Tag zur Verf\u00fcgung.[\/vc_column_text][vc_separator type=&#8220;transparent&#8220; up=&#8220;14&#8243; down=&#8220;0&#8243;][vc_column_text]Dank der engagierten Mitarbeiter der Verkaufsabteilung und einer Vielzahl an logistischen M\u00f6glichkeiten kann Marjoland seine pr\u00e4chtigen Rosen auf Wunsch des Kunden auf jede Art und Weise verpacken und liefern lassen. Beispielsweise unterschiedliche St\u00fcckzahlen pro Blumenstrau\u00df\/Tonne oder andere Verpackungen.[\/vc_column_text][vc_separator type=&#8220;transparent&#8220; up=&#8220;55&#8243; down=&#8220;0&#8243;][\/vc_column][vc_column width=&#8220;1\/3&#8243;][vc_single_image image=&#8220;15551&#8243; img_size=&#8220;full&#8220; style=&#8220;vc_box_shadow&#8220; qode_css_animation=&#8220;&#8220;][vc_separator type=&#8220;transparent&#8220; down=&#8220;20&#8243;][\/vc_column][\/vc_row][vc_row css_animation=&#8220;&#8220; row_type=&#8220;row&#8220; use_row_as_full_screen_section=&#8220;no&#8220; type=&#8220;grid&#8220; angled_section=&#8220;no&#8220; text_align=&#8220;left&#8220; background_image_as_pattern=&#8220;without_pattern&#8220; background_color=&#8220;#ffffff&#8220; padding_top=&#8220;70&#8243; padding_bottom=&#8220;40&#8243;][vc_column width=&#8220;1\/3&#8243;][vc_single_image image=&#8220;15944&#8243; img_size=&#8220;full&#8220; style=&#8220;vc_box_shadow&#8220; qode_css_animation=&#8220;&#8220;][\/vc_column][vc_column width=&#8220;2\/3&#8243;][vc_column_text]<\/p>\n<h2 style=\"text-align: left;\">Produktionsprozess<\/h2>\n<p>[\/vc_column_text][vc_separator type=&#8220;small&#8220; position=&#8220;left&#8220; up=&#8220;24&#8243; down=&#8220;33&#8243;][vc_column_text]<\/p>\n<div class=\"wpb_text_column wpb_content_element \">\n<div class=\"wpb_wrapper\">\n<h6>Von der kleinen Pflanze zum Rosenstrauch<\/h6>\n<\/div>\n<\/div>\n<p>[\/vc_column_text][vc_separator type=&#8220;transparent&#8220; up=&#8220;14&#8243; down=&#8220;0&#8243;][vc_column_text]<\/p>\n<div class=\"wpb_text_column wpb_content_element \">\n<div class=\"wpb_wrapper\">\n<p>Eine Pflanze verbleibt etwa 8-10 Jahre bei Marjoland. Kontrolle und Versorgung des Gew\u00e4chses sind von wesentlicher Bedeutung f\u00fcr eine gute Qualit\u00e4t. Daher wird diesen Aspekten viel Aufmerksamkeit gewidmet.<\/p>\n<\/div>\n<\/div>\n<p>[\/vc_column_text][vc_separator type=&#8220;transparent&#8220; up=&#8220;14&#8243; down=&#8220;0&#8243;][vc_column_text]Verschiedene Zuchtexperten arbeiten Tag und Nacht an der Optimierung des Klimas f\u00fcr die Pflanzen. Die CO2-Emission, Licht und Temperatur k\u00f6nnen pro Gew\u00e4chshaus so geregelt werden, dass die Pflanze sich immer gut f\u00fchlt.[\/vc_column_text][\/vc_column][\/vc_row][vc_row css_animation=&#8220;&#8220; row_type=&#8220;row&#8220; use_row_as_full_screen_section=&#8220;no&#8220; type=&#8220;grid&#8220; angled_section=&#8220;no&#8220; text_align=&#8220;left&#8220; background_image_as_pattern=&#8220;without_pattern&#8220; background_color=&#8220;#ffffff&#8220; padding_top=&#8220;70&#8243; padding_bottom=&#8220;40&#8243;][vc_column][vc_separator type=&#8220;normal&#8220; color=&#8220;#dddddd&#8220; up=&#8220;5&#8243; down=&#8220;5&#8243;][\/vc_column][\/vc_row][vc_row css_animation=&#8220;&#8220; row_type=&#8220;row&#8220; use_row_as_full_screen_section=&#8220;no&#8220; type=&#8220;grid&#8220; angled_section=&#8220;no&#8220; text_align=&#8220;left&#8220; background_image_as_pattern=&#8220;without_pattern&#8220; background_color=&#8220;#ffffff&#8220; padding_top=&#8220;70&#8243; padding_bottom=&#8220;40&#8243;][vc_column width=&#8220;2\/3&#8243;][vc_column_text]<\/p>\n<div class=\"wpb_text_column wpb_content_element \">\n<div class=\"wpb_wrapper\">\n<div class=\"wpb_text_column wpb_content_element \">\n<div class=\"wpb_wrapper\">\n<h6>Die Rose &#8211; vom Gew\u00e4chshaus zum Transport<\/h6>\n<\/div>\n<\/div>\n<\/div>\n<\/div>\n<p>[\/vc_column_text][vc_separator type=&#8220;transparent&#8220; up=&#8220;14&#8243; down=&#8220;0&#8243;][vc_column_text]<\/p>\n<div class=\"wpb_text_column wpb_content_element \">\n<div class=\"wpb_wrapper\">\n<p>Zweimal pro Tag werden die Rosen auf Marjoland geschnitten, um die verschiedenen Reifegrade so gut wie m\u00f6glich sortieren zu k\u00f6nnen.\u00a0Danach werden die Rosen auf 4 Grad herunter gek\u00fchlt, um die Geschwindigkeit des Entwicklungsprozesses zu reduzieren. Jede Rose wird manuell gepr\u00fcft und von der Sortiermaschine auf L\u00e4nge, Dicke und Reife sortiert.<\/p>\n<p>Anschlie\u00dfend werden die Rosen mit einer H\u00fclle versehen und in Wasser gestellt. Bei verschiedenen L\u00e4ngen wird ein Kartonkragen aufgesetzt, um die Rosen so gut wie m\u00f6glich zu sch\u00fctzen, bevor sie auf die Reise gehen.<\/p>\n<\/div>\n<\/div>\n<p>[\/vc_column_text][\/vc_column][vc_column width=&#8220;1\/3&#8243;][vc_single_image image=&#8220;15705&#8243; img_size=&#8220;full&#8220; style=&#8220;vc_box_shadow&#8220; qode_css_animation=&#8220;&#8220;][\/vc_column][\/vc_row][vc_row css_animation=&#8220;&#8220; row_type=&#8220;row&#8220; use_row_as_full_screen_section=&#8220;no&#8220; type=&#8220;grid&#8220; angled_section=&#8220;no&#8220; text_align=&#8220;left&#8220; background_image_as_pattern=&#8220;without_pattern&#8220; background_color=&#8220;#f8f8f8&#8243; padding_top=&#8220;69&#8243; padding_bottom=&#8220;40&#8243;][vc_column][vc_column_text]<\/p>\n<h2 style=\"text-align: center;\">Geschichte<\/h2>\n<p>[\/vc_column_text][vc_separator type=&#8220;small&#8220; position=&#8220;center&#8220; up=&#8220;24&#8243; down=&#8220;61&#8243;][vc_row_inner row_type=&#8220;row&#8220; type=&#8220;full_width&#8220; text_align=&#8220;left&#8220; css_animation=&#8220;&#8220;][vc_column_inner width=&#8220;1\/4&#8243;][vc_column_text]Joop van den Nouweland wusste bereits als kleiner Junge, dass er ein eigenes Unternehmen aufbauen wollte. Sein Vater war ihm ein Vorbild. Koos van den Nouweland besa\u00df eine 1,6 Hektar gro\u00dfe Gurkenzucht in Leidschendam. Als vierj\u00e4hriger Junge begleitete Joop seinen Vater bereits jeden Morgen. So erfuhr er bereits als Kind, was es bedeutet, ein Z\u00fcchter zu sein. Er ist Vollblutz\u00fcchter mit Herz.[\/vc_column_text][vc_separator type=&#8220;transparent&#8220; up=&#8220;37&#8243; down=&#8220;0&#8243;][\/vc_column_inner][vc_column_inner width=&#8220;1\/4&#8243;][vc_column_text]1978 startete Joop sein eigenes Unternehmen. \u201eIch lie\u00df 14.500 m\u00b2 Glas aufbauen. F\u00fcr die damalige Zeit was das ziemlich viel\u201c. In seinem ersten Garten in Bleiswijk widmete er sich in den ersten sieben Jahren ganz der Gurkenzucht. 1985 stieg er auf Rosen um. \u201eMan kann eine Rose mit Liebe und Fachwissen so versch\u00f6nern, dass sie sich von denen der anderen Z\u00fcchter abhebt\u201c.[\/vc_column_text][vc_separator type=&#8220;transparent&#8220; up=&#8220;37&#8243; down=&#8220;0&#8243;][\/vc_column_inner][vc_column_inner width=&#8220;1\/4&#8243;][vc_column_text]1989 kauften Joop und Mariola die G\u00e4rtnerei ihrer Nachbarn. 1997 verdoppelte sich die Gr\u00f6\u00dfe des Unternehmens, als am Abraham Kroesweg in Waddinxveen ein Gew\u00e4chshaus mit einer Gr\u00f6\u00dfe von 3,4 ha hinzukam. Marjoland entstand Anfang 2000 als ein neuer Standort am Bredeweg in Waddinxveen gefestigt wurde. 2005 entsteht Marjoland 2 mit einem mobilen Zuchtsystem auf einer Fl\u00e4che von 2,7 ha.\u00a0Im gleichen Jahr \u00fcbernimmt Marjoland das angrenzende Unternehmen (4,8 ha).[\/vc_column_text][vc_separator type=&#8220;transparent&#8220; up=&#8220;37&#8243; down=&#8220;0&#8243;][\/vc_column_inner][vc_column_inner width=&#8220;1\/4&#8243;][vc_column_text]2007 &#8211; 2008 war die Zeit des Opportunismus und der Expansion. Da Familie Van den Nouweland sich zuk\u00fcnftig auf einen Standort konzentrieren m\u00f6chte, werden der Betrieb in Bleiswijk und eine Abteilung in Waddinxveen verkauft und andere Betriebe gekauft. So entsteht ein gro\u00dfes, rechtwinkliges Grundst\u00fcck auf 20 Hektar, davon 0,8 ha oberhalb des zentralen Sortier- und Verpackungsraums.[\/vc_column_text][vc_separator type=&#8220;transparent&#8220; up=&#8220;37&#8243; down=&#8220;0&#8243;][\/vc_column_inner][\/vc_row_inner][vc_row_inner row_type=&#8220;row&#8220; type=&#8220;full_width&#8220; text_align=&#8220;left&#8220; css_animation=&#8220;&#8220;][vc_column_inner][vc_column_text]<\/p>\n<h2 style=\"text-align: left;\">35 Jahre Rosenzucht<\/h2>\n<p>[\/vc_column_text][vc_separator type=&#8220;transparent&#8220; up=&#8220;5&#8243; down=&#8220;5&#8243;][vc_single_image image=&#8220;15946&#8243; img_size=&#8220;300&#215;200&#8243; qode_css_animation=&#8220;&#8220;][\/vc_column_inner][\/vc_row_inner][\/vc_column][\/vc_row][vc_row css_animation=&#8220;&#8220; row_type=&#8220;row&#8220; use_row_as_full_screen_section=&#8220;no&#8220; type=&#8220;grid&#8220; angled_section=&#8220;no&#8220; text_align=&#8220;left&#8220; background_image_as_pattern=&#8220;without_pattern&#8220; background_color=&#8220;#ffffff&#8220; padding_top=&#8220;68&#8243; padding_bottom=&#8220;30&#8243; el_id=&#8220;ffp&#8220;][vc_column][vc_row_inner row_type=&#8220;row&#8220; type=&#8220;full_width&#8220; text_align=&#8220;left&#8220; css_animation=&#8220;&#8220;][vc_column_inner width=&#8220;2\/3&#8243;][vc_column_text]<\/p>\n<div class=\"wpb_text_column wpb_content_element \">\n<div class=\"wpb_wrapper\">\n<h2>Familie van den Nouweland<\/h2>\n<\/div>\n<\/div>\n<p>[\/vc_column_text][vc_separator type=&#8220;small&#8220; position=&#8220;left&#8220; up=&#8220;24&#8243; down=&#8220;61&#8243;][vc_column_text]Die Familie van den Nouweland versteckt sich hinter Marjoland. Vater, Mutter, Sohn, Tochter, 2 Onkel, Tante und ein Neffe. Sie arbeiten kontinuierlich an der Entwicklung des Unternehmens. Gemeinsam mit den Mitarbeitern von Marjoland strebt die Familie van den Nouweland nach einer guten Arbeitsatmosph\u00e4re, in der die starken Normen und Werte der Familie im Mittelpunkt stehen.<\/p>\n<p>&nbsp;<\/p>\n<p>Mit ihrer offenen Kultur bietet sie jedermann die Chance auf Entwicklung. Marjoland will ein soziales und transparentes Unternehmen sein, in dem Wissen weitergegeben wird.\u00a0Gleichzeitig werden Mitarbeiter motiviert, selbst L\u00f6sungen zu finden, um dadurch mehr Engagement zu kreieren. Auf diese Weise k\u00f6nnen sich die Mitarbeiter bei Marjoland entwickeln.[\/vc_column_text][vc_separator type=&#8220;transparent&#8220; up=&#8220;47&#8243; down=&#8220;0&#8243;][\/vc_column_inner][vc_column_inner width=&#8220;1\/3&#8243;][vc_single_image image=&#8220;16658&#8243; img_size=&#8220;full&#8220; alignment=&#8220;center&#8220; onclick=&#8220;custom_link&#8220; img_link_target=&#8220;_blank&#8220; qode_css_animation=&#8220;element_from_fade&#8220; transition_delay=&#8220;0.4&#8243; link=&#8220;https:\/\/www.ridefortheroses.nl\/&#8220;][vc_separator type=&#8220;transparent&#8220; up=&#8220;47&#8243; down=&#8220;0&#8243;][\/vc_column_inner][\/vc_row_inner][\/vc_column][\/vc_row][vc_row css_animation=&#8220;&#8220; row_type=&#8220;row&#8220; use_row_as_full_screen_section=&#8220;no&#8220; type=&#8220;grid&#8220; angled_section=&#8220;no&#8220; text_align=&#8220;left&#8220; background_image_as_pattern=&#8220;without_pattern&#8220; background_color=&#8220;#ffffff&#8220; padding_top=&#8220;68&#8243; padding_bottom=&#8220;30&#8243;][vc_column][vc_row_inner row_type=&#8220;row&#8220; type=&#8220;full_width&#8220; text_align=&#8220;left&#8220; css_animation=&#8220;&#8220;][vc_column_inner width=&#8220;2\/3&#8243;][vc_column_text]<\/p>\n<div class=\"wpb_text_column wpb_content_element \">\n<div class=\"wpb_wrapper\">\n<h2>MPS A und Global G.A.P. zertifiziert<\/h2>\n<\/div>\n<\/div>\n<p>[\/vc_column_text][vc_separator type=&#8220;small&#8220; position=&#8220;left&#8220; up=&#8220;24&#8243; down=&#8220;61&#8243;][vc_column_text]Marjoland hat den Ehrgeiz, mit Respekt vor Mensch, Natur und Umwelt zu arbeiten. Mit einer nachweislich transparenten MPS-Zertifizierung tragen wir dazu bei, die gesamte Kette nachhaltiger zu gestalten.<\/p>\n<p>Neben dem MPS ABC verf\u00fcgt Marjoland \u00fcber das Global G.A.P-Zertifikat bei GRASP.[\/vc_column_text][vc_separator type=&#8220;transparent&#8220; up=&#8220;47&#8243; down=&#8220;0&#8243;][vc_separator type=&#8220;transparent&#8220; up=&#8220;47&#8243; down=&#8220;0&#8243;][\/vc_column_inner][vc_column_inner width=&#8220;1\/3&#8243;][vc_single_image image=&#8220;16405&#8243; img_size=&#8220;medium&#8220; alignment=&#8220;center&#8220; onclick=&#8220;custom_link&#8220; img_link_target=&#8220;_blank&#8220; qode_css_animation=&#8220;element_from_fade&#8220; transition_delay=&#8220;0.4&#8243; link=&#8220;https:\/\/www.ridefortheroses.nl\/&#8220;][vc_separator type=&#8220;transparent&#8220; up=&#8220;47&#8243; down=&#8220;0&#8243;][\/vc_column_inner][\/vc_row_inner][\/vc_column][\/vc_row][vc_row css_animation=&#8220;&#8220; row_type=&#8220;row&#8220; use_row_as_full_screen_section=&#8220;no&#8220; type=&#8220;grid&#8220; angled_section=&#8220;no&#8220; text_align=&#8220;left&#8220; background_image_as_pattern=&#8220;without_pattern&#8220; background_color=&#8220;#ffffff&#8220; padding_top=&#8220;68&#8243; padding_bottom=&#8220;30&#8243;][vc_column][vc_row_inner row_type=&#8220;row&#8220; type=&#8220;full_width&#8220; text_align=&#8220;left&#8220; css_animation=&#8220;&#8220;][vc_column_inner width=&#8220;1\/3&#8243;][vc_single_image image=&#8220;15576&#8243; img_size=&#8220;full&#8220; alignment=&#8220;center&#8220; style=&#8220;vc_box_shadow&#8220; onclick=&#8220;custom_link&#8220; img_link_target=&#8220;_blank&#8220; qode_css_animation=&#8220;element_from_fade&#8220; transition_delay=&#8220;0.4&#8243; link=&#8220;https:\/\/www.ridefortheroses.nl\/&#8220;][vc_separator type=&#8220;transparent&#8220; up=&#8220;47&#8243; down=&#8220;0&#8243;][\/vc_column_inner][vc_column_inner width=&#8220;2\/3&#8243;][vc_column_text]<\/p>\n<h2 style=\"text-align: left;\">Ride for the Roses<\/h2>\n<p>[\/vc_column_text][vc_separator type=&#8220;small&#8220; position=&#8220;left&#8220; up=&#8220;24&#8243; down=&#8220;61&#8243;][vc_column_text]Marjoland setzt sich bereits viele Jahre f\u00fcr \u201eRide for the Roses\u201c ein. Dies ist eine wunderbare Fahrradveranstaltung, deren Ertrag der KWF-Krebsbek\u00e4mpfung zugute kommt.[\/vc_column_text][vc_separator type=&#8220;transparent&#8220; up=&#8220;47&#8243; down=&#8220;0&#8243;][\/vc_column_inner][\/vc_row_inner][\/vc_column][\/vc_row]<\/p>\n<\/div>","protected":false},"excerpt":{"rendered":"<p>[vc_row css_animation=&#8220;&#8220; row_type=&#8220;row&#8220; use_row_as_full_screen_section=&#8220;no&#8220; type=&#8220;grid&#8220; angled_section=&#8220;no&#8220; text_align=&#8220;left&#8220; background_image_as_pattern=&#8220;without_pattern&#8220; background_color=&#8220;#f8f8f8&#8243; padding_top=&#8220;70&#8243; padding_bottom=&#8220;40&#8243; el_id=&#8220;service&#8220;][vc_column width=&#8220;2\/3&#8243;][vc_column_text] Service [\/vc_column_text][vc_separator type=&#8220;small&#8220; position=&#8220;left&#8220; up=&#8220;24&#8243; down=&#8220;33&#8243;][vc_column_text]Marjoland strebt nach einer optimalen Zusammenarbeit mit Kunden und Abnehmern und versteigert seine Produkte t\u00e4glich an der Versteigerungsuhr auf allen Flora Holland-Standorten in den Niederlanden, in Deutschland&#8230;<\/p>\n","protected":false},"author":1,"featured_media":0,"parent":0,"menu_order":0,"comment_status":"open","ping_status":"closed","template":"full_width.php","meta":{"footnotes":""},"class_list":["post-15660","page","type-page","status-publish","hentry"],"_links":{"self":[{"href":"https:\/\/www.marjoland.com\/de\/wp-json\/wp\/v2\/pages\/15660","targetHints":{"allow":["GET"]}}],"collection":[{"href":"https:\/\/www.marjoland.com\/de\/wp-json\/wp\/v2\/pages"}],"about":[{"href":"https:\/\/www.marjoland.com\/de\/wp-json\/wp\/v2\/types\/page"}],"author":[{"embeddable":true,"href":"https:\/\/www.marjoland.com\/de\/wp-json\/wp\/v2\/users\/1"}],"replies":[{"embeddable":true,"href":"https:\/\/www.marjoland.com\/de\/wp-json\/wp\/v2\/comments?post=15660"}],"version-history":[{"count":32,"href":"https:\/\/www.marjoland.com\/de\/wp-json\/wp\/v2\/pages\/15660\/revisions"}],"predecessor-version":[{"id":16680,"href":"https:\/\/www.marjoland.com\/de\/wp-json\/wp\/v2\/pages\/15660\/revisions\/16680"}],"wp:attachment":[{"href":"https:\/\/www.marjoland.com\/de\/wp-json\/wp\/v2\/media?parent=15660"}],"curies":[{"name":"wp","href":"https:\/\/api.w.org\/{rel}","templated":true}]}}