{"id":15656,"date":"2015-09-14T10:36:29","date_gmt":"2015-09-14T09:36:29","guid":{"rendered":"http:\/\/www.jibg.nl\/de\/onze-rozen\/"},"modified":"2024-11-27T10:56:17","modified_gmt":"2024-11-27T09:56:17","slug":"unsere-rosen","status":"publish","type":"page","link":"https:\/\/www.marjoland.com\/de\/unsere-rosen\/","title":{"rendered":"Unsere Rosen"},"content":{"rendered":"<div class=\"wpb-content-wrapper\"><p>[vc_row css_animation=&#8220;&#8220; row_type=&#8220;row&#8220; use_row_as_full_screen_section=&#8220;no&#8220; type=&#8220;full_width&#8220; angled_section=&#8220;no&#8220; text_align=&#8220;left&#8220; background_image_as_pattern=&#8220;without_pattern&#8220;][vc_column][vc_column_text]<\/p>\n<p style=\"text-align: left;\" align=\"justify\">Die Rosen von Marjoland werden t\u00e4glich auf allen niederl\u00e4ndischen Blumenversteigerungen und in der Rhein-Maas-Region in Deutschland versteigert. Jeden Werktag werden die frischen Produkte von Marjoland an Exportunternehmen und inl\u00e4ndische H\u00e4ndler verkauft.\u00a0Marjolands Rosen werden schlie\u00dflich auf der ganzen Welt verkauft, aber haupts\u00e4chlich an Floristen in Europa.<br \/>\nZus\u00e4tzlich zu unserer MarjoGold-Linie (A1-Rosen) bieten wir auch MarjoDeluxe (XL-Rosen) und MarjoSilver (A2-Rosen) an.<\/p>\n<p>[\/vc_column_text][vc_separator type=&#8220;transparent&#8220; up=&#8220;10&#8243; down=&#8220;30&#8243;][\/vc_column][\/vc_row][vc_row css_animation=&#8220;&#8220; row_type=&#8220;row&#8220; use_row_as_full_screen_section=&#8220;no&#8220; type=&#8220;full_width&#8220; angled_section=&#8220;no&#8220; text_align=&#8220;left&#8220; background_image_as_pattern=&#8220;without_pattern&#8220;][vc_column][vc_column_text]<\/p>\n<h3 style=\"text-align: center;\">Unsere Rosen<\/h3>\n<p>[\/vc_column_text][vc_separator type=&#8220;small&#8220; position=&#8220;center&#8220; color=&#8220;#000000&#8243; up=&#8220;10&#8243; down=&#8220;30&#8243;][\/vc_column][\/vc_row][vc_row css_animation=&#8220;&#8220; row_type=&#8220;row&#8220; use_row_as_full_screen_section=&#8220;no&#8220; type=&#8220;full_width&#8220; angled_section=&#8220;no&#8220; text_align=&#8220;left&#8220; background_image_as_pattern=&#8220;without_pattern&#8220; el_id=&#8220;sweet-dolomiti&#8220;][vc_column][vc_row_inner row_type=&#8220;row&#8220; type=&#8220;full_width&#8220; text_align=&#8220;left&#8220; css_animation=&#8220;&#8220;][vc_column_inner width=&#8220;1\/5&#8243;][vc_gallery interval=&#8220;0&#8243; images=&#8220;17342,15429,15582,15801&#8243; img_size=&#8220;200&#215;200&#8243; onclick=&#8220;&#8220;][vc_column_text]<\/p>\n<h3>Sweet Dolomiti<\/h3>\n<p>[\/vc_column_text][vc_separator type=&#8220;transparent&#8220; down=&#8220;20&#8243;][vc_column_text]<\/p>\n<ul>\n<li>Exklusive gro\u00dfbl\u00fctige, rosafarbige Rose<\/li>\n<li>Gro\u00dfe, lange, punktf\u00f6rmige Bl\u00fctenknospe<\/li>\n<li>Marjoland verf\u00fcgt \u00fcber 0,8 Hektar dieser Rose, gepflanzt 2021<\/li>\n<\/ul>\n<p>[\/vc_column_text][vc_separator type=&#8220;transparent&#8220; down=&#8220;20&#8243;][\/vc_column_inner][vc_column_inner width=&#8220;1\/5&#8243;][vc_gallery interval=&#8220;0&#8243; images=&#8220;17240,16449,16520,16515,16510,16505,16495,16490&#8243; img_size=&#8220;200&#215;200&#8243; onclick=&#8220;&#8220;][vc_column_text]<\/p>\n<h3 style=\"text-align: left;\">Dolomiti<\/h3>\n<p>[\/vc_column_text][vc_separator type=&#8220;transparent&#8220; down=&#8220;20&#8243;][vc_column_text]<\/p>\n<ul>\n<li>Einzigartige gro\u00dfbl\u00fctige, wei\u00dfe Rose<\/li>\n<li>Marjoland verf\u00fcgt \u00fcber 1,6 Hektar dieser Rose, gepflanzt 2020<\/li>\n<\/ul>\n<p>[\/vc_column_text][vc_separator type=&#8220;transparent&#8220; down=&#8220;20&#8243;][\/vc_column_inner][vc_column_inner width=&#8220;1\/5&#8243;][vc_gallery interval=&#8220;0&#8243; images=&#8220;17285,15522,15583,15805,16535,16525&#8243; img_size=&#8220;200&#215;200&#8243;][vc_column_text]<\/p>\n<h3>Red Naomi<\/h3>\n<p>[\/vc_column_text][vc_separator type=&#8220;transparent&#8220; down=&#8220;20&#8243;][vc_column_text]<\/p>\n<ul>\n<li>Samtige, gro\u00dfbl\u00fctige, rote Rose<\/li>\n<li>Viele Bl\u00fctenbl\u00e4ttchen<\/li>\n<li>Langes Vasenleben<\/li>\n<li>Gute Transporteigenschaften<\/li>\n<li>Marjoland verf\u00fcgt \u00fcber 13,5 Hektar dieser Rose, gepflanzt 2015\/2020\/2021<\/li>\n<\/ul>\n<p>[\/vc_column_text][vc_separator type=&#8220;transparent&#8220; down=&#8220;20&#8243;][\/vc_column_inner][vc_column_inner width=&#8220;1\/5&#8243;][vc_gallery interval=&#8220;0&#8243; images=&#8220;17358,15521,15584,15804&#8243; img_size=&#8220;200&#215;200&#8243; onclick=&#8220;&#8220;][vc_column_text]<\/p>\n<h3>Penny Lane<\/h3>\n<p>[\/vc_column_text][vc_separator type=&#8220;transparent&#8220; down=&#8220;20&#8243;][vc_column_text]<\/p>\n<ul>\n<li>Einzigartige gro\u00dfbl\u00fctige, gelbe Rose<\/li>\n<li>Marjoland verf\u00fcgt \u00fcber 1 Hektar dieser Rose, gepflanzt 2018<\/li>\n<\/ul>\n<p>[\/vc_column_text][vc_separator type=&#8220;transparent&#8220; down=&#8220;20&#8243;][\/vc_column_inner][vc_column_inner width=&#8220;1\/5&#8243;][vc_gallery interval=&#8220;0&#8243; images=&#8220;17295,16419,16415,16427,16530,16485&#8243; img_size=&#8220;200&#215;200&#8243;][vc_column_text]<\/p>\n<h3>Jumilia<\/h3>\n<p>[\/vc_column_text][vc_separator type=&#8220;transparent&#8220; down=&#8220;1&#8243;][vc_column_text]<\/p>\n<ul>\n<li>Gro\u00dfbl\u00fctige wei\u00df-rosa Rose<\/li>\n<li>Bemerkenswerte strahlende Rose<\/li>\n<li>Langes Vasenleben<\/li>\n<li>Marjoland verf\u00fcgt \u00fcber 1,4 Hektar dieser Rose, gepflanzt 2019\/2024<\/li>\n<\/ul>\n<p>[\/vc_column_text][vc_separator type=&#8220;transparent&#8220; down=&#8220;20&#8243;][\/vc_column_inner][\/vc_row_inner][vc_row_inner row_type=&#8220;row&#8220; type=&#8220;full_width&#8220; text_align=&#8220;left&#8220; css_animation=&#8220;&#8220;][vc_column_inner width=&#8220;1\/5&#8243;][vc_gallery interval=&#8220;0&#8243; images=&#8220;17270,17275&#8243; img_size=&#8220;200&#215;200&#8243; onclick=&#8220;&#8220;][vc_column_text]<\/p>\n<h3>Nayeli<\/h3>\n<p>[\/vc_column_text][vc_separator type=&#8220;transparent&#8220; down=&#8220;20&#8243;][vc_column_text]<\/p>\n<ul>\n<li>Exklusive gro\u00dfbl\u00fctige lila Rose<\/li>\n<li>Sanfte optik durch die pastellfarbe flieder<\/li>\n<li>Marjoland verf\u00fcgt \u00fcber 0,5 Hektar dieser Rose, gepflanzt 2023\/2024<\/li>\n<\/ul>\n<p>[\/vc_column_text][vc_separator type=&#8220;transparent&#8220; down=&#8220;20&#8243;][\/vc_column_inner][vc_column_inner width=&#8220;1\/5&#8243;][vc_gallery interval=&#8220;0&#8243; images=&#8220;17250,17255&#8243; img_size=&#8220;200&#215;200&#8243; onclick=&#8220;&#8220;][vc_column_text]<\/p>\n<h3 style=\"text-align: left;\">Bellini<\/h3>\n<p>[\/vc_column_text][vc_separator type=&#8220;transparent&#8220; down=&#8220;20&#8243;][vc_column_text]<\/p>\n<ul>\n<li>Gro\u00dfbl\u00fctige pfirsich orange farbene Rose<\/li>\n<li>Bl\u00fcht wundersch\u00f6n ge\u00f6ffnet in der Vase<\/li>\n<li>Leicht parf\u00fcmiert<\/li>\n<li>Marjoland verf\u00fcgt \u00fcber 0.5 Hektar dieser Rose, gepflanzt 2023\/2024<\/li>\n<\/ul>\n<p>[\/vc_column_text][vc_separator type=&#8220;transparent&#8220; down=&#8220;20&#8243;][\/vc_column_inner][vc_column_inner width=&#8220;1\/5&#8243;][vc_gallery interval=&#8220;0&#8243; images=&#8220;17678,17711,17717&#8243; img_size=&#8220;200&#215;200&#8243;][vc_column_text]<\/p>\n<h3>Priscilla<\/h3>\n<p>[\/vc_column_text][vc_separator type=&#8220;transparent&#8220; down=&#8220;20&#8243;][vc_column_text]<\/p>\n<ul>\n<li>Gro\u00dfbl\u00fctige aprikosen rosa garden Rose<\/li>\n<li>Marjoland verf\u00fcgt \u00fcber 0.2 Hektar dieser Rose, gepflanzt 2024<\/li>\n<\/ul>\n<p>[\/vc_column_text][vc_separator type=&#8220;transparent&#8220; down=&#8220;20&#8243;][\/vc_column_inner][vc_column_inner width=&#8220;1\/5&#8243;][vc_gallery interval=&#8220;0&#8243; images=&#8220;17696,17723&#8243; img_size=&#8220;200&#215;200&#8243; onclick=&#8220;&#8220;][vc_column_text]<\/p>\n<h3>Xoch<\/h3>\n<p>[\/vc_column_text][vc_separator type=&#8220;transparent&#8220; down=&#8220;20&#8243;][vc_column_text]<\/p>\n<ul>\n<li>Gro\u00dfbl\u00fctige hot pink Rose<\/li>\n<li>Marjoland verf\u00fcgt \u00fcber 0.2 Hektar dieser Rose, gepflanzt 2024<\/li>\n<\/ul>\n<p>[\/vc_column_text][vc_separator type=&#8220;transparent&#8220; down=&#8220;20&#8243;][\/vc_column_inner][vc_column_inner width=&#8220;1\/5&#8243;][vc_gallery interval=&#8220;0&#8243; images=&#8220;17702,17729&#8243; img_size=&#8220;200&#215;200&#8243; onclick=&#8220;&#8220;][vc_column_text]<\/p>\n<h3>Novi<\/h3>\n<p>[\/vc_column_text][vc_separator type=&#8220;transparent&#8220; down=&#8220;20&#8243;][vc_column_text]<\/p>\n<ul>\n<li>Gro\u00dfbl\u00fctige orangefarbene Rose<\/li>\n<li>Marjoland verf\u00fcgt \u00fcber 0.2 Hektar dieser Rose, gepflanzt 2024<\/li>\n<\/ul>\n<p>[\/vc_column_text][vc_separator type=&#8220;transparent&#8220; down=&#8220;20&#8243;][\/vc_column_inner][\/vc_row_inner][\/vc_column][\/vc_row][vc_row css_animation=&#8220;&#8220; row_type=&#8220;row&#8220; use_row_as_full_screen_section=&#8220;no&#8220; type=&#8220;full_width&#8220; angled_section=&#8220;no&#8220; text_align=&#8220;center&#8220; background_image_as_pattern=&#8220;without_pattern&#8220;][vc_column][vc_separator type=&#8220;transparent&#8220; up=&#8220;30&#8243;]<a  itemprop=\"url\" href=\"http:\/\/www.marjoland.com\/de\/kontakt\" target=\"_self\"  class=\"qbutton  small center white default\" style=\"\">Kontakt<\/a>[vc_separator type=&#8220;transparent&#8220; up=&#8220;50&#8243;][\/vc_column][\/vc_row]<\/p>\n<\/div>","protected":false},"excerpt":{"rendered":"<p>[vc_row css_animation=&#8220;&#8220; row_type=&#8220;row&#8220; use_row_as_full_screen_section=&#8220;no&#8220; type=&#8220;full_width&#8220; angled_section=&#8220;no&#8220; text_align=&#8220;left&#8220; background_image_as_pattern=&#8220;without_pattern&#8220;][vc_column][vc_column_text] Die Rosen von Marjoland werden t\u00e4glich auf allen niederl\u00e4ndischen Blumenversteigerungen und in der Rhein-Maas-Region in Deutschland versteigert. Jeden Werktag werden die frischen Produkte von Marjoland an Exportunternehmen und inl\u00e4ndische H\u00e4ndler verkauft.\u00a0Marjolands Rosen werden schlie\u00dflich auf der ganzen&#8230;<\/p>\n","protected":false},"author":1,"featured_media":0,"parent":0,"menu_order":0,"comment_status":"closed","ping_status":"closed","template":"","meta":{"footnotes":""},"class_list":["post-15656","page","type-page","status-publish","hentry"],"_links":{"self":[{"href":"https:\/\/www.marjoland.com\/de\/wp-json\/wp\/v2\/pages\/15656","targetHints":{"allow":["GET"]}}],"collection":[{"href":"https:\/\/www.marjoland.com\/de\/wp-json\/wp\/v2\/pages"}],"about":[{"href":"https:\/\/www.marjoland.com\/de\/wp-json\/wp\/v2\/types\/page"}],"author":[{"embeddable":true,"href":"https:\/\/www.marjoland.com\/de\/wp-json\/wp\/v2\/users\/1"}],"replies":[{"embeddable":true,"href":"https:\/\/www.marjoland.com\/de\/wp-json\/wp\/v2\/comments?post=15656"}],"version-history":[{"count":50,"href":"https:\/\/www.marjoland.com\/de\/wp-json\/wp\/v2\/pages\/15656\/revisions"}],"predecessor-version":[{"id":17761,"href":"https:\/\/www.marjoland.com\/de\/wp-json\/wp\/v2\/pages\/15656\/revisions\/17761"}],"wp:attachment":[{"href":"https:\/\/www.marjoland.com\/de\/wp-json\/wp\/v2\/media?parent=15656"}],"curies":[{"name":"wp","href":"https:\/\/api.w.org\/{rel}","templated":true}]}}